{"id":2498,"date":"2021-02-09T21:53:13","date_gmt":"2021-02-09T20:53:13","guid":{"rendered":"https:\/\/somoscolores.jasbat.com\/proteccion-de-datos\/"},"modified":"2021-05-04T10:11:59","modified_gmt":"2021-05-04T08:11:59","slug":"privacy-policy","status":"publish","type":"page","link":"https:\/\/www.somoscolores.com\/en\/privacy-policy\/","title":{"rendered":"Privacy and Data Protection Policy"},"content":{"rendered":"\t\t<div data-elementor-type=\"wp-page\" data-elementor-id=\"2498\" class=\"elementor elementor-2498 elementor-3\">\n\t\t\t\t\t\t<section class=\"elementor-section elementor-top-section elementor-element elementor-element-3f013b99 elementor-section-boxed elementor-section-height-default elementor-section-height-default\" data-id=\"3f013b99\" data-element_type=\"section\" data-e-type=\"section\">\n\t\t\t\t\t\t<div class=\"elementor-container elementor-column-gap-default\">\n\t\t\t\t\t<div class=\"elementor-column elementor-col-100 elementor-top-column elementor-element elementor-element-34432dba\" data-id=\"34432dba\" data-element_type=\"column\" data-e-type=\"column\">\n\t\t\t<div class=\"elementor-widget-wrap elementor-element-populated\">\n\t\t\t\t\t\t<div class=\"elementor-element elementor-element-5fe6e183 elementor-widget elementor-widget-text-editor\" data-id=\"5fe6e183\" data-element_type=\"widget\" data-e-type=\"widget\" data-widget_type=\"text-editor.default\">\n\t\t\t\t<div class=\"elementor-widget-container\">\n\t\t\t\t\t\t\t\t\t<p style=\"text-align: justify;\">En cumplimiento de lo establecido en el Reglamento General de Protecci\u00f3n de Datos (Reglamento UE 2016\/679 del Parlamento Europeo y del Consejo, de 27 de abril de 2016, relativo a la protecci\u00f3n de las personas f\u00edsicas (en lo sucesivo, <abbr title=\"Reglamento General de Protecci\u00f3n de Datos\">RGPD<\/abbr>), SOMOS COLORES pone en conocimiento de los usuarios del sitio web <em>www.somoscolores.com<\/em>, la siguiente informaci\u00f3n:<\/p>\n<ul>\n<li style=\"text-align: justify;\">Los datos que los usuarios faciliten como consecuencia de la utilizaci\u00f3n y solicitud de los distintos servicios que se ofrecen a trav\u00e9s de la web a la que se accede mediante la direcci\u00f3n principal <em>www.somoscolores.com<\/em> ser\u00e1n objeto de tratamiento automatizado e incorporados a los correspondientes ficheros cuyo &#8220;responsable&#8221; es SOMOS COLORES, con domicilio en calle Villa de Sant Joan d&#8217;Alacant, n\u00ba. 72, <abbr title=\"Apartado\">Apdo.<\/abbr> Correos 03540, Playa San Juan (Alicante).<\/li>\n<li style=\"text-align: justify;\">A trav\u00e9s de este sitio web no se recaban datos de car\u00e1cter personal de los usuarios sin su conocimiento, ni se ceden a terceros.<\/li>\n<li style=\"text-align: justify;\">Cuando para la utilizaci\u00f3n o solicitud de alg\u00fan servicio sea necesario facilitar datos de car\u00e1cter personal, los usuarios garantizar\u00e1n su veracidad, exactitud, autenticidad y vigencia. En este sentido, ser\u00e1 obligaci\u00f3n de los usuarios mantener actualizados los datos de forma tal que correspondan a la realidad en cada momento.<\/li>\n<li style=\"text-align: justify;\">Los menores de trece a\u00f1os que hayan accedido a este sitio web necesitan el previo consentimiento de sus padres o tutores para poder utilizar o solicitar los servicios ofertados.<\/li>\n<li style=\"text-align: justify;\">Al facilitar datos de car\u00e1cter personal mediante la solicitud de los servicios que se ofrecen a trav\u00e9s del presente sitio web o su env\u00edo mediante cualquier otro medio, los usuarios aceptan la incorporaci\u00f3n de los datos facilitados a los ficheros automatizados de SOMOS COLORES.<\/li>\n<li style=\"text-align: justify;\">Los datos registrados \u00fanicamente ser\u00e1n utilizados con la finalidad de posibilitar el normal desarrollo de los servicios e informaciones solicitados por el usuario y remitirle informaci\u00f3n de las actividades y servicios propios de la entidad responsable de los ficheros.<\/li>\n<li style=\"text-align: justify;\">La direcci\u00f3n de correo electr\u00f3nico y otros datos facilitados por los usuarios durante el proceso de realizaci\u00f3n de alg\u00fan servicio ofrecido podr\u00e1 ser utilizada para la comunicaci\u00f3n de los boletines informativos de SOMOS COLORES, as\u00ed como de los nuevos servicios y\/o actividades. <\/li>\n<li style=\"text-align: justify;\">Las categor\u00edas de los datos que se tratan en este sitio web son simplemente datos identificativos. No se tratan categor\u00edas de datos especialmente protegidos.<\/li>\n<li style=\"text-align: justify;\">No se utilizar\u00e1n los datos personales de los usuarios con una finalidad diferente a la expresada en esta pol\u00edtica de privacidad.<\/li>\n<li style=\"text-align: justify;\">Con la finalidad de ofrecerle el mejor servicio y con el objeto de facilitar el uso, el sitio web puede recopilar informaci\u00f3n estad\u00edstica a trav\u00e9s de <em>Google Analytics<\/em>. Para que los visitantes del sitio web tengan la posibilidad de evitar que <em>Google Analytics<\/em> utilice sus datos, utilice el Complemento de inhabilitaci\u00f3n para navegadores. Si desea beneficiarse de dicha opci\u00f3n, <a target=\"_blank\" href=\"https:\/\/tools.google.com\/dlpage\/gaoptout\" title=\"Descargue el Complemento de inhabilitaci\u00f3n para navegadores de Google Analytics \" rel=\"noopener\">descargue<\/a> e instale el complemento para el navegador espec\u00edfico que utilice.<\/li>\n<li style=\"text-align: justify;\">SOMOS COLORES se compromete a no recabar informaci\u00f3n innecesaria sobre sus usuarios, indic\u00e1ndoles en cada momento el car\u00e1cter obligatorio o facultativo de las respuestas a las preguntas que les sean planteadas, a tratar con extrema diligencia la informaci\u00f3n personal que le puedan facilitar, y a cumplir en cualquier fase del tratamiento con la obligaci\u00f3n de guardar secreto respecto de los datos facilitados por los usuarios.<\/li>\n<li style=\"text-align: justify;\">Para poder prestar servicios estrictamente necesarios para el desarrollo del sitio web se comparten los datos con los siguientes prestadores bajo sus correspondientes condiciones de privacidad:\n\t<ul>\n\t<li style=\"padding-left: 1em;margin-left: 1em !important;\">Estad\u00edsticas web: Google Analytics es un servicio anal\u00edtico, prestado por Google, ubicado en EE.UU. La informaci\u00f3n recogida ayuda a analizar el uso que hacen los usuarios del sitio web y es directamente transmitida y archivada por Google en sus servidores.<\/li>\n\t<li style=\"padding-left: 1em;margin-left: 1em !important;\">Hosting: Hostalia, a trav\u00e9s de Acens Technologies S.L.U., con domicilio en Espa\u00f1a, trata los datos con la finalidad de realizar sus servicios de hosting (alojamiento web).<\/li>\n\t<\/ul>\n<\/li>\n<li style=\"text-align: justify;\">No se compartir\u00e1 la informaci\u00f3n personal de los usuarios con ninguna otra persona o entidad, excepto para cumplir la ley (comunicaciones al Defensor del Pueblo, Jueces y Tribunales), o en caso de contar con la autorizaci\u00f3n expresa del usuario.<\/li>\n<li style=\"text-align: justify;\">Los datos personales proporcionados se conservar\u00e1n durante el tiempo necesario para cumplir con la finalidad para la que se recaban y para determinar las posibles responsabilidades que se pudieran derivar de la finalidad.<\/li>\n<li style=\"text-align: justify;\">Los usuarios podr\u00e1n ejercitar, en cualquier momento, los derechos de acceso, rectificaci\u00f3n, cancelaci\u00f3n y portabilidad de sus datos recopilados y archivados, de limitaci\u00f3n y oposici\u00f3n a su tratamiento. El ejercicio de estos derechos podr\u00e1 efectuarse mediante el env\u00edo de un correo electr\u00f3nico a info@somoscolores.com o por comunicaci\u00f3n escrita dirigida a SOMOS COLORES indicando como referencia &#8220;datos personales&#8221;.<\/li>\n<li style=\"text-align: justify;\">SOMOS COLORES se compromete a adoptar en todo momento las medidas de \u00edndole t\u00e9cnica y organizativas legalmente requeridas, para evitar la p\u00e9rdida, alteraci\u00f3n, o acceso no autorizado, implementando a dicho fin todos los medios y sistemas t\u00e9cnicos a su alcance, habida cuenta del estado de la tecnolog\u00eda, la naturaleza de los datos almacenados y los riesgos a que est\u00e1n expuestos, ya provengan de la acci\u00f3n humana o del medio f\u00edsico o natural.<\/li>\n<li style=\"text-align: justify;\">La base legal para el tratamiento de sus datos es el consentimiento. Para contactar o suscribirse a alg\u00fan servicio se requiere de la aceptaci\u00f3n de esta pol\u00edtica de privacidad.<\/li>\n<li style=\"text-align: justify;\">SOMOS COLORES se reserva el derecho a modificar la pol\u00edtica de privacidad y protecci\u00f3n de datos personales, siempre en los t\u00e9rminos permitidos por la legislaci\u00f3n vigente y previa comunicaci\u00f3n a los interesados, bien mediante publicaci\u00f3n en esta misma p\u00e1gina o por cualquier otro medio de comunicaci\u00f3n o difusi\u00f3n que se consideren oportuno.<\/li>\n<\/ul>\t\t\t\t\t\t\t\t<\/div>\n\t\t\t\t<\/div>\n\t\t\t\t<div class=\"elementor-element elementor-element-ee50a16 elementor-widget elementor-widget-spacer\" data-id=\"ee50a16\" data-element_type=\"widget\" data-e-type=\"widget\" data-widget_type=\"spacer.default\">\n\t\t\t\t<div class=\"elementor-widget-container\">\n\t\t\t\t\t\t\t<div class=\"elementor-spacer\">\n\t\t\t<div class=\"elementor-spacer-inner\"><\/div>\n\t\t<\/div>\n\t\t\t\t\t\t<\/div>\n\t\t\t\t<\/div>\n\t\t\t\t\t<\/div>\n\t\t<\/div>\n\t\t\t\t\t<\/div>\n\t\t<\/section>\n\t\t\t\t<\/div>\n\t\t","protected":false},"excerpt":{"rendered":"<p>En cumplimiento de lo establecido en el Reglamento General de Protecci\u00f3n de Datos (Reglamento UE 2016\/679 del Parlamento Europeo y del Consejo, de 27 de abril de 2016, relativo a [&hellip;]<\/p>\n","protected":false},"author":1,"featured_media":0,"parent":0,"menu_order":0,"comment_status":"closed","ping_status":"closed","template":"","meta":{"inline_featured_image":false,"footnotes":""},"class_list":["post-2498","page","type-page","status-publish","hentry"],"yoast_head":"<!-- This site is optimized with the Yoast SEO plugin v27.4 - https:\/\/yoast.com\/product\/yoast-seo-wordpress\/ -->\n<title>Privacy and Data Protection Policy - Somos Colores<\/title>\n<meta name=\"robots\" content=\"index, follow, max-snippet:-1, max-image-preview:large, max-video-preview:-1\" \/>\n<link rel=\"canonical\" href=\"https:\/\/www.somoscolores.com\/en\/privacy-policy\/\" \/>\n<meta property=\"og:locale\" content=\"en_US\" \/>\n<meta property=\"og:type\" content=\"article\" \/>\n<meta property=\"og:title\" content=\"Privacy and Data Protection Policy - Somos Colores\" \/>\n<meta property=\"og:description\" content=\"En cumplimiento de lo establecido en el Reglamento General de Protecci\u00f3n de Datos (Reglamento UE 2016\/679 del Parlamento Europeo y del Consejo, de 27 de abril de 2016, relativo a [&hellip;]\" \/>\n<meta property=\"og:url\" content=\"https:\/\/www.somoscolores.com\/en\/privacy-policy\/\" \/>\n<meta property=\"og:site_name\" content=\"Somos Colores\" \/>\n<meta property=\"article:modified_time\" content=\"2021-05-04T08:11:59+00:00\" \/>\n<meta name=\"twitter:card\" content=\"summary_large_image\" \/>\n<meta name=\"twitter:label1\" content=\"Est. reading time\" \/>\n\t<meta name=\"twitter:data1\" content=\"4 minutes\" \/>\n<script type=\"application\/ld+json\" class=\"yoast-schema-graph\">{\"@context\":\"https:\\\/\\\/schema.org\",\"@graph\":[{\"@type\":\"WebPage\",\"@id\":\"https:\\\/\\\/www.somoscolores.com\\\/en\\\/privacy-policy\\\/\",\"url\":\"https:\\\/\\\/www.somoscolores.com\\\/en\\\/privacy-policy\\\/\",\"name\":\"Privacy and Data Protection Policy - Somos Colores\",\"isPartOf\":{\"@id\":\"https:\\\/\\\/www.somoscolores.com\\\/en\\\/#website\"},\"datePublished\":\"2021-02-09T20:53:13+00:00\",\"dateModified\":\"2021-05-04T08:11:59+00:00\",\"breadcrumb\":{\"@id\":\"https:\\\/\\\/www.somoscolores.com\\\/en\\\/privacy-policy\\\/#breadcrumb\"},\"inLanguage\":\"en-US\",\"potentialAction\":[{\"@type\":\"ReadAction\",\"target\":[\"https:\\\/\\\/www.somoscolores.com\\\/en\\\/privacy-policy\\\/\"]}]},{\"@type\":\"BreadcrumbList\",\"@id\":\"https:\\\/\\\/www.somoscolores.com\\\/en\\\/privacy-policy\\\/#breadcrumb\",\"itemListElement\":[{\"@type\":\"ListItem\",\"position\":1,\"name\":\"Portada\",\"item\":\"https:\\\/\\\/www.somoscolores.com\\\/en\\\/\"},{\"@type\":\"ListItem\",\"position\":2,\"name\":\"Privacy and Data Protection Policy\"}]},{\"@type\":\"WebSite\",\"@id\":\"https:\\\/\\\/www.somoscolores.com\\\/en\\\/#website\",\"url\":\"https:\\\/\\\/www.somoscolores.com\\\/en\\\/\",\"name\":\"Somos Colores\",\"description\":\"Tu Escuela Infantil en Playa San Juan de Alicante\",\"publisher\":{\"@id\":\"https:\\\/\\\/www.somoscolores.com\\\/en\\\/#organization\"},\"potentialAction\":[{\"@type\":\"SearchAction\",\"target\":{\"@type\":\"EntryPoint\",\"urlTemplate\":\"https:\\\/\\\/www.somoscolores.com\\\/en\\\/?s={search_term_string}\"},\"query-input\":{\"@type\":\"PropertyValueSpecification\",\"valueRequired\":true,\"valueName\":\"search_term_string\"}}],\"inLanguage\":\"en-US\"},{\"@type\":\"Organization\",\"@id\":\"https:\\\/\\\/www.somoscolores.com\\\/en\\\/#organization\",\"name\":\"Somos Colores\",\"url\":\"https:\\\/\\\/www.somoscolores.com\\\/en\\\/\",\"logo\":{\"@type\":\"ImageObject\",\"inLanguage\":\"en-US\",\"@id\":\"https:\\\/\\\/www.somoscolores.com\\\/en\\\/#\\\/schema\\\/logo\\\/image\\\/\",\"url\":\"https:\\\/\\\/www.somoscolores.com\\\/wp-content\\\/uploads\\\/2021\\\/05\\\/logo_somoscolores-4.jpg\",\"contentUrl\":\"https:\\\/\\\/www.somoscolores.com\\\/wp-content\\\/uploads\\\/2021\\\/05\\\/logo_somoscolores-4.jpg\",\"width\":180,\"height\":111,\"caption\":\"Somos Colores\"},\"image\":{\"@id\":\"https:\\\/\\\/www.somoscolores.com\\\/en\\\/#\\\/schema\\\/logo\\\/image\\\/\"}}]}<\/script>\n<!-- \/ Yoast SEO plugin. -->","yoast_head_json":{"title":"Privacy and Data Protection Policy - Somos Colores","robots":{"index":"index","follow":"follow","max-snippet":"max-snippet:-1","max-image-preview":"max-image-preview:large","max-video-preview":"max-video-preview:-1"},"canonical":"https:\/\/www.somoscolores.com\/en\/privacy-policy\/","og_locale":"en_US","og_type":"article","og_title":"Privacy and Data Protection Policy - Somos Colores","og_description":"En cumplimiento de lo establecido en el Reglamento General de Protecci\u00f3n de Datos (Reglamento UE 2016\/679 del Parlamento Europeo y del Consejo, de 27 de abril de 2016, relativo a [&hellip;]","og_url":"https:\/\/www.somoscolores.com\/en\/privacy-policy\/","og_site_name":"Somos Colores","article_modified_time":"2021-05-04T08:11:59+00:00","twitter_card":"summary_large_image","twitter_misc":{"Est. reading time":"4 minutes"},"schema":{"@context":"https:\/\/schema.org","@graph":[{"@type":"WebPage","@id":"https:\/\/www.somoscolores.com\/en\/privacy-policy\/","url":"https:\/\/www.somoscolores.com\/en\/privacy-policy\/","name":"Privacy and Data Protection Policy - Somos Colores","isPartOf":{"@id":"https:\/\/www.somoscolores.com\/en\/#website"},"datePublished":"2021-02-09T20:53:13+00:00","dateModified":"2021-05-04T08:11:59+00:00","breadcrumb":{"@id":"https:\/\/www.somoscolores.com\/en\/privacy-policy\/#breadcrumb"},"inLanguage":"en-US","potentialAction":[{"@type":"ReadAction","target":["https:\/\/www.somoscolores.com\/en\/privacy-policy\/"]}]},{"@type":"BreadcrumbList","@id":"https:\/\/www.somoscolores.com\/en\/privacy-policy\/#breadcrumb","itemListElement":[{"@type":"ListItem","position":1,"name":"Portada","item":"https:\/\/www.somoscolores.com\/en\/"},{"@type":"ListItem","position":2,"name":"Privacy and Data Protection Policy"}]},{"@type":"WebSite","@id":"https:\/\/www.somoscolores.com\/en\/#website","url":"https:\/\/www.somoscolores.com\/en\/","name":"Somos Colores","description":"Tu Escuela Infantil en Playa San Juan de Alicante","publisher":{"@id":"https:\/\/www.somoscolores.com\/en\/#organization"},"potentialAction":[{"@type":"SearchAction","target":{"@type":"EntryPoint","urlTemplate":"https:\/\/www.somoscolores.com\/en\/?s={search_term_string}"},"query-input":{"@type":"PropertyValueSpecification","valueRequired":true,"valueName":"search_term_string"}}],"inLanguage":"en-US"},{"@type":"Organization","@id":"https:\/\/www.somoscolores.com\/en\/#organization","name":"Somos Colores","url":"https:\/\/www.somoscolores.com\/en\/","logo":{"@type":"ImageObject","inLanguage":"en-US","@id":"https:\/\/www.somoscolores.com\/en\/#\/schema\/logo\/image\/","url":"https:\/\/www.somoscolores.com\/wp-content\/uploads\/2021\/05\/logo_somoscolores-4.jpg","contentUrl":"https:\/\/www.somoscolores.com\/wp-content\/uploads\/2021\/05\/logo_somoscolores-4.jpg","width":180,"height":111,"caption":"Somos Colores"},"image":{"@id":"https:\/\/www.somoscolores.com\/en\/#\/schema\/logo\/image\/"}}]}},"_links":{"self":[{"href":"https:\/\/www.somoscolores.com\/en\/wp-json\/wp\/v2\/pages\/2498","targetHints":{"allow":["GET"]}}],"collection":[{"href":"https:\/\/www.somoscolores.com\/en\/wp-json\/wp\/v2\/pages"}],"about":[{"href":"https:\/\/www.somoscolores.com\/en\/wp-json\/wp\/v2\/types\/page"}],"author":[{"embeddable":true,"href":"https:\/\/www.somoscolores.com\/en\/wp-json\/wp\/v2\/users\/1"}],"replies":[{"embeddable":true,"href":"https:\/\/www.somoscolores.com\/en\/wp-json\/wp\/v2\/comments?post=2498"}],"version-history":[{"count":1,"href":"https:\/\/www.somoscolores.com\/en\/wp-json\/wp\/v2\/pages\/2498\/revisions"}],"predecessor-version":[{"id":2501,"href":"https:\/\/www.somoscolores.com\/en\/wp-json\/wp\/v2\/pages\/2498\/revisions\/2501"}],"wp:attachment":[{"href":"https:\/\/www.somoscolores.com\/en\/wp-json\/wp\/v2\/media?parent=2498"}],"curies":[{"name":"wp","href":"https:\/\/api.w.org\/{rel}","templated":true}]}}