{"id":3768,"date":"2019-09-14T04:04:40","date_gmt":"2019-09-14T04:04:40","guid":{"rendered":"https:\/\/www.somoscolores.com\/la-escuela-infantil-somos-colores\/"},"modified":"2022-01-24T11:14:49","modified_gmt":"2022-01-24T10:14:49","slug":"the-school-somos-colores","status":"publish","type":"page","link":"https:\/\/www.somoscolores.com\/en\/the-school-somos-colores\/","title":{"rendered":"The School"},"content":{"rendered":"\t\t<div data-elementor-type=\"wp-page\" data-elementor-id=\"3768\" class=\"elementor elementor-3768 elementor-274\">\n\t\t\t\t\t\t<section class=\"elementor-section elementor-top-section elementor-element elementor-element-550607c elementor-section-stretched elementor-section-full_width elementor-section-height-default elementor-section-height-default\" data-id=\"550607c\" data-element_type=\"section\" data-e-type=\"section\" data-settings=\"{&quot;stretch_section&quot;:&quot;section-stretched&quot;}\">\n\t\t\t\t\t\t<div class=\"elementor-container elementor-column-gap-default\">\n\t\t\t\t\t<div class=\"elementor-column elementor-col-100 elementor-top-column elementor-element elementor-element-90ea1f4\" data-id=\"90ea1f4\" data-element_type=\"column\" data-e-type=\"column\">\n\t\t\t<div class=\"elementor-widget-wrap elementor-element-populated\">\n\t\t\t\t\t\t<div class=\"elementor-element elementor-element-64fa9db elementor-widget__width-auto elementor-position-top elementor-widget elementor-widget-image-box\" data-id=\"64fa9db\" data-element_type=\"widget\" data-e-type=\"widget\" data-widget_type=\"image-box.default\">\n\t\t\t\t<div class=\"elementor-widget-container\">\n\t\t\t\t\t<div class=\"elementor-image-box-wrapper\"><figure class=\"elementor-image-box-img\"><img fetchpriority=\"high\" decoding=\"async\" width=\"500\" height=\"250\" src=\"https:\/\/www.somoscolores.com\/wp-content\/uploads\/2021\/03\/laescuela_01.jpg\" class=\"attachment-large size-large wp-image-1161\" alt=\"La Escuela\" srcset=\"https:\/\/www.somoscolores.com\/wp-content\/uploads\/2021\/03\/laescuela_01.jpg 500w, https:\/\/www.somoscolores.com\/wp-content\/uploads\/2021\/03\/laescuela_01-300x150.jpg 300w\" sizes=\"(max-width: 500px) 100vw, 500px\" \/><\/figure><div class=\"elementor-image-box-content\"><p class=\"elementor-image-box-description\"><div class=\"elementor-widget-container\">\n<h2 class=\"elementor-heading-title elementor-size-large\" style=\"color:#6EC1E4;text-align:left;margin-bottom:20px\">Who Are We?<\/h2>\n<\/div>\n<p style=\"text-align:left;font-weight:bold\">Alicante\u2019s Children School  <span class=\"ocre\">SOMOS<\/span> <span class=\"rojo\">C<\/span><span class=\"naranja\">O<\/span><span class=\"amarillo\">L<\/span><span class=\"verde\">O<\/span><span class=\"azul\">R<\/span><span class=\"azulocuro\">E<\/span><span class=\"violeta\">S<\/span>, emerges from the personal and professional dream of their founders.<\/p>\n<p style=\"text-align:left\">The idea of opening a <strong>Children School in Alicante<\/strong> comes out from the determination of two educative professional with over <strong>20 years of experience<\/strong> in <strong>Children education<\/strong>.<\/p>\n<p style=\"text-align:left\">After sharing a lot of moments together and match with the same <strong>idea<\/strong>, we have fulfilled our dream of opening a <strong>Children School in Playa San Juan<\/strong> (Alicante).  We are sure it will be full adventures way that we will enjoy a lot.<\/p>\n<p style=\"text-align:left\">Being responsible, creative and making the universe of the youngest a legacy full of affections, where they feel fine, happy and free to grow up. To educate is freedom and love.<\/p><\/p><\/div><\/div>\t\t\t\t<\/div>\n\t\t\t\t<\/div>\n\t\t\t\t\t<\/div>\n\t\t<\/div>\n\t\t\t\t\t<\/div>\n\t\t<\/section>\n\t\t\t\t<section class=\"elementor-section elementor-top-section elementor-element elementor-element-4505add elementor-section-stretched elementor-section-full_width elementor-section-height-default elementor-section-height-default\" data-id=\"4505add\" data-element_type=\"section\" data-e-type=\"section\" data-settings=\"{&quot;stretch_section&quot;:&quot;section-stretched&quot;}\">\n\t\t\t\t\t\t<div class=\"elementor-container elementor-column-gap-no\">\n\t\t\t\t\t<div class=\"elementor-column elementor-col-100 elementor-top-column elementor-element elementor-element-9c36439\" data-id=\"9c36439\" data-element_type=\"column\" data-e-type=\"column\">\n\t\t\t<div class=\"elementor-widget-wrap elementor-element-populated\">\n\t\t\t\t\t\t<div class=\"elementor-element elementor-element-b946792 elementor-widget elementor-widget-spacer\" data-id=\"b946792\" data-element_type=\"widget\" data-e-type=\"widget\" data-widget_type=\"spacer.default\">\n\t\t\t\t<div class=\"elementor-widget-container\">\n\t\t\t\t\t\t\t<div class=\"elementor-spacer\">\n\t\t\t<div class=\"elementor-spacer-inner\"><\/div>\n\t\t<\/div>\n\t\t\t\t\t\t<\/div>\n\t\t\t\t<\/div>\n\t\t\t\t<div class=\"elementor-element elementor-element-79e0d34 elementor-widget elementor-widget-vision-mission\" data-id=\"79e0d34\" data-element_type=\"widget\" data-e-type=\"widget\" data-widget_type=\"vision-mission.default\">\n\t\t\t\t<div class=\"elementor-widget-container\">\n\t\t\t\t\t        <!-- Begin statements -->\r\n        <section class=\"wave-block pt-xs-110 pt-md-120 pt-lg-150 mb-xs-50 mb-sm-50 mb-md-70 mb-lg-120 lazy\" data-src=\"https:\/\/www.somoscolores.com\/wp-content\/uploads\/2019\/09\/blue-wave.png\">\r\n            <div class=\"container\">\r\n                <div class=\"row\">\r\n                    <div class=\"col-12\">\r\n                        <div class=\"section-header\">\r\n                            <p class=\"h-sub\"><span class=\"naranja\">Why is so special our school?<\/span><\/p>\r\n                            <h2><\/h2>\r\n                        <\/div>\r\n                        <ul class=\"statement-list statement-slider\" data-show-count='3' data-show-count-md='2' data-show-count-mob='1' data-slick-speed=\"5000\" data-slick-autoplay=\"true\">\r\n                                                                <li>\r\n                                        <div class=\"statement-card\">\r\n                                            <div class=\"statement-ico\">\r\n                                                <img decoding=\"async\" src=\"https:\/\/www.somoscolores.com\/wp-content\/themes\/childit\/assets\/img\/lazy.png\" class=\"lazy\" data-src=\"https:\/\/www.somoscolores.com\/wp-content\/uploads\/2019\/09\/vision.svg\" alt=\"\">\r\n                                            <\/div>\r\n                                            <h4><span class=\"verde\">Our motivation<\/span><\/h4>\r\n                                            <p>Our <strong>motivation<\/strong> is mainly focused on the need to transmit to families that child education is the most important stage of life, creating and developing a Project based on the children\u2019s <strong>unconditional love<\/strong>, respect and dedication<\/p>\r\n                                        <\/div>\r\n                                    <\/li>\r\n                                                                        <li>\r\n                                        <div class=\"statement-card\">\r\n                                            <div class=\"statement-ico\">\r\n                                                <img decoding=\"async\" src=\"https:\/\/www.somoscolores.com\/wp-content\/themes\/childit\/assets\/img\/lazy.png\" class=\"lazy\" data-src=\"https:\/\/www.somoscolores.com\/wp-content\/uploads\/2019\/09\/paper.svg\" alt=\"\">\r\n                                            <\/div>\r\n                                            <h4><span class=\"azuloscuro\">Our mission<\/span><\/h4>\r\n                                            <p>The <strong>mission<\/strong> of SOMOS COLORES focusses on contributing to physical, affective and intellectual development of all children<\/p>\r\n                                        <\/div>\r\n                                    <\/li>\r\n                                                                        <li>\r\n                                        <div class=\"statement-card\">\r\n                                            <div class=\"statement-ico\">\r\n                                                <img decoding=\"async\" src=\"https:\/\/www.somoscolores.com\/wp-content\/themes\/childit\/assets\/img\/lazy.png\" class=\"lazy\" data-src=\"https:\/\/www.somoscolores.com\/wp-content\/uploads\/2019\/09\/philosophy.svg\" alt=\"\">\r\n                                            <\/div>\r\n                                            <h4><span class=\"ocre\">Our philosophy<\/span><\/h4>\r\n                                            <p>Our <strong>main target<\/strong> is that youngest and their families be happy, offering significant and positive experiences, providing them with the necessary <strong>values and principles<\/strong> to develop in a more independent and autonomous manner, so helping them to create their own identity maximizing their intellectual capabilities.<\/p>\r\n                                        <\/div>\r\n                                    <\/li>\r\n                                                            <\/ul>\r\n                    <\/div>\r\n                <\/div>\r\n            <\/div>\r\n        <\/section>\r\n        <!-- End statements -->\r\n        \t\t\t\t<\/div>\n\t\t\t\t<\/div>\n\t\t\t\t\t<\/div>\n\t\t<\/div>\n\t\t\t\t\t<\/div>\n\t\t<\/section>\n\t\t\t\t<section class=\"elementor-section elementor-top-section elementor-element elementor-element-84fbbf4 elementor-section-boxed elementor-section-height-default elementor-section-height-default\" data-id=\"84fbbf4\" data-element_type=\"section\" data-e-type=\"section\">\n\t\t\t\t\t\t<div class=\"elementor-container elementor-column-gap-default\">\n\t\t\t\t\t<div class=\"elementor-column elementor-col-50 elementor-top-column elementor-element elementor-element-8b7fca6\" data-id=\"8b7fca6\" data-element_type=\"column\" data-e-type=\"column\">\n\t\t\t<div class=\"elementor-widget-wrap elementor-element-populated\">\n\t\t\t\t\t\t<div class=\"elementor-element elementor-element-71af516 elementor-widget elementor-widget-html\" data-id=\"71af516\" data-element_type=\"widget\" data-e-type=\"widget\" data-widget_type=\"html.default\">\n\t\t\t\t<div class=\"elementor-widget-container\">\n\t\t\t\t\t<h4 class=\"naranja\">School and Family<\/h4>\r\n<p>The role of <strong>families<\/strong>, as the principal educational agent, will have direct involvement with Children School Somos Colores.  We\u2019ll share our projects in benefit of our kids learning. <strong>Family and School<\/strong> must be perceive by children as two different areas but unit each other, performing a coordinated educative action by both parties.<\/p>\t\t\t\t<\/div>\n\t\t\t\t<\/div>\n\t\t\t\t\t<\/div>\n\t\t<\/div>\n\t\t\t\t<div class=\"elementor-column elementor-col-50 elementor-top-column elementor-element elementor-element-8023fd1\" data-id=\"8023fd1\" data-element_type=\"column\" data-e-type=\"column\">\n\t\t\t<div class=\"elementor-widget-wrap elementor-element-populated\">\n\t\t\t\t\t\t<div class=\"elementor-element elementor-element-ad8fac0 elementor-widget elementor-widget-text-editor\" data-id=\"ad8fac0\" data-element_type=\"widget\" data-e-type=\"widget\" data-widget_type=\"text-editor.default\">\n\t\t\t\t<div class=\"elementor-widget-container\">\n\t\t\t\t\t\t\t\t\t<div class=\"elementor-testimonial-wrapper elementor-testimonial-text-align-center\">\n<div><\/div>\n<div class=\"elementor-testimonial-content\" style=\"font-size: 16px; padding: 10px; font-style: italic;\">&#8220;Children happiness<br \/>\nhas a meaning of great authenticity.<br \/>\nThey feel as inside the Rainbow.&#8221;<\/div>\n<div class=\"elementor-testimonial-name\" style=\"color: #00b050; font-weight: bold; font-style: italic;\">Loris Malaguzzi<\/div>\n<div><\/div>\n<\/div>\t\t\t\t\t\t\t\t<\/div>\n\t\t\t\t<\/div>\n\t\t\t\t\t<\/div>\n\t\t<\/div>\n\t\t\t\t\t<\/div>\n\t\t<\/section>\n\t\t\t\t<section class=\"elementor-section elementor-top-section elementor-element elementor-element-5bb64c9 elementor-section-boxed elementor-section-height-default elementor-section-height-default\" data-id=\"5bb64c9\" data-element_type=\"section\" data-e-type=\"section\">\n\t\t\t\t\t\t<div class=\"elementor-container elementor-column-gap-default\">\n\t\t\t\t\t<div class=\"elementor-column elementor-col-100 elementor-top-column elementor-element elementor-element-b25eb99\" data-id=\"b25eb99\" data-element_type=\"column\" data-e-type=\"column\">\n\t\t\t<div class=\"elementor-widget-wrap elementor-element-populated\">\n\t\t\t\t\t\t<div class=\"elementor-element elementor-element-7d2a0f2 elementor-widget elementor-widget-spacer\" data-id=\"7d2a0f2\" data-element_type=\"widget\" data-e-type=\"widget\" data-widget_type=\"spacer.default\">\n\t\t\t\t<div class=\"elementor-widget-container\">\n\t\t\t\t\t\t\t<div class=\"elementor-spacer\">\n\t\t\t<div class=\"elementor-spacer-inner\"><\/div>\n\t\t<\/div>\n\t\t\t\t\t\t<\/div>\n\t\t\t\t<\/div>\n\t\t\t\t\t<\/div>\n\t\t<\/div>\n\t\t\t\t\t<\/div>\n\t\t<\/section>\n\t\t\t\t<\/div>\n\t\t","protected":false},"excerpt":{"rendered":"<p>Who Are We? Alicante\u2019s Children School SOMOS COLORES, emerges from the personal and professional dream of their founders. The idea of opening a Children School in Alicante comes out from [&hellip;]<\/p>\n","protected":false},"author":1,"featured_media":0,"parent":0,"menu_order":0,"comment_status":"closed","ping_status":"closed","template":"","meta":{"inline_featured_image":false,"footnotes":""},"class_list":["post-3768","page","type-page","status-publish","hentry"],"yoast_head":"<!-- This site is optimized with the Yoast SEO plugin v27.4 - https:\/\/yoast.com\/product\/yoast-seo-wordpress\/ -->\n<title>The School - Somos Colores<\/title>\n<meta name=\"description\" content=\"La Escuela Infantil en Alicante nace de la determinaci\u00f3n de dos profesionales con 20 a\u00f1os de experiencia en el sector de la educaci\u00f3n.\" \/>\n<meta name=\"robots\" content=\"index, follow, max-snippet:-1, max-image-preview:large, max-video-preview:-1\" \/>\n<link rel=\"canonical\" href=\"https:\/\/www.somoscolores.com\/en\/the-school-somos-colores\/\" \/>\n<meta property=\"og:locale\" content=\"en_US\" \/>\n<meta property=\"og:type\" content=\"article\" \/>\n<meta property=\"og:title\" content=\"The School - Somos Colores\" \/>\n<meta property=\"og:description\" content=\"La Escuela Infantil en Alicante nace de la determinaci\u00f3n de dos profesionales con 20 a\u00f1os de experiencia en el sector de la educaci\u00f3n.\" \/>\n<meta property=\"og:url\" content=\"https:\/\/www.somoscolores.com\/en\/the-school-somos-colores\/\" \/>\n<meta property=\"og:site_name\" content=\"Somos Colores\" \/>\n<meta property=\"article:modified_time\" content=\"2022-01-24T10:14:49+00:00\" \/>\n<meta property=\"og:image\" content=\"https:\/\/www.somoscolores.com\/wp-content\/uploads\/2021\/03\/laescuela_01.jpg\" \/>\n<meta name=\"twitter:card\" content=\"summary_large_image\" \/>\n<meta name=\"twitter:label1\" content=\"Est. reading time\" \/>\n\t<meta name=\"twitter:data1\" content=\"3 minutes\" \/>\n<script type=\"application\/ld+json\" class=\"yoast-schema-graph\">{\"@context\":\"https:\\\/\\\/schema.org\",\"@graph\":[{\"@type\":\"WebPage\",\"@id\":\"https:\\\/\\\/www.somoscolores.com\\\/en\\\/the-school-somos-colores\\\/\",\"url\":\"https:\\\/\\\/www.somoscolores.com\\\/en\\\/the-school-somos-colores\\\/\",\"name\":\"The School - Somos Colores\",\"isPartOf\":{\"@id\":\"https:\\\/\\\/www.somoscolores.com\\\/en\\\/#website\"},\"primaryImageOfPage\":{\"@id\":\"https:\\\/\\\/www.somoscolores.com\\\/en\\\/the-school-somos-colores\\\/#primaryimage\"},\"image\":{\"@id\":\"https:\\\/\\\/www.somoscolores.com\\\/en\\\/the-school-somos-colores\\\/#primaryimage\"},\"thumbnailUrl\":\"https:\\\/\\\/www.somoscolores.com\\\/wp-content\\\/uploads\\\/2021\\\/03\\\/laescuela_01.jpg\",\"datePublished\":\"2019-09-14T04:04:40+00:00\",\"dateModified\":\"2022-01-24T10:14:49+00:00\",\"description\":\"La Escuela Infantil en Alicante nace de la determinaci\u00f3n de dos profesionales con 20 a\u00f1os de experiencia en el sector de la educaci\u00f3n.\",\"breadcrumb\":{\"@id\":\"https:\\\/\\\/www.somoscolores.com\\\/en\\\/the-school-somos-colores\\\/#breadcrumb\"},\"inLanguage\":\"en-US\",\"potentialAction\":[{\"@type\":\"ReadAction\",\"target\":[\"https:\\\/\\\/www.somoscolores.com\\\/en\\\/the-school-somos-colores\\\/\"]}]},{\"@type\":\"ImageObject\",\"inLanguage\":\"en-US\",\"@id\":\"https:\\\/\\\/www.somoscolores.com\\\/en\\\/the-school-somos-colores\\\/#primaryimage\",\"url\":\"https:\\\/\\\/www.somoscolores.com\\\/wp-content\\\/uploads\\\/2021\\\/03\\\/laescuela_01.jpg\",\"contentUrl\":\"https:\\\/\\\/www.somoscolores.com\\\/wp-content\\\/uploads\\\/2021\\\/03\\\/laescuela_01.jpg\"},{\"@type\":\"BreadcrumbList\",\"@id\":\"https:\\\/\\\/www.somoscolores.com\\\/en\\\/the-school-somos-colores\\\/#breadcrumb\",\"itemListElement\":[{\"@type\":\"ListItem\",\"position\":1,\"name\":\"Portada\",\"item\":\"https:\\\/\\\/www.somoscolores.com\\\/en\\\/\"},{\"@type\":\"ListItem\",\"position\":2,\"name\":\"The School\"}]},{\"@type\":\"WebSite\",\"@id\":\"https:\\\/\\\/www.somoscolores.com\\\/en\\\/#website\",\"url\":\"https:\\\/\\\/www.somoscolores.com\\\/en\\\/\",\"name\":\"Somos Colores\",\"description\":\"Tu Escuela Infantil en Playa San Juan de Alicante\",\"publisher\":{\"@id\":\"https:\\\/\\\/www.somoscolores.com\\\/en\\\/#organization\"},\"potentialAction\":[{\"@type\":\"SearchAction\",\"target\":{\"@type\":\"EntryPoint\",\"urlTemplate\":\"https:\\\/\\\/www.somoscolores.com\\\/en\\\/?s={search_term_string}\"},\"query-input\":{\"@type\":\"PropertyValueSpecification\",\"valueRequired\":true,\"valueName\":\"search_term_string\"}}],\"inLanguage\":\"en-US\"},{\"@type\":\"Organization\",\"@id\":\"https:\\\/\\\/www.somoscolores.com\\\/en\\\/#organization\",\"name\":\"Somos Colores\",\"url\":\"https:\\\/\\\/www.somoscolores.com\\\/en\\\/\",\"logo\":{\"@type\":\"ImageObject\",\"inLanguage\":\"en-US\",\"@id\":\"https:\\\/\\\/www.somoscolores.com\\\/en\\\/#\\\/schema\\\/logo\\\/image\\\/\",\"url\":\"https:\\\/\\\/www.somoscolores.com\\\/wp-content\\\/uploads\\\/2021\\\/05\\\/logo_somoscolores-4.jpg\",\"contentUrl\":\"https:\\\/\\\/www.somoscolores.com\\\/wp-content\\\/uploads\\\/2021\\\/05\\\/logo_somoscolores-4.jpg\",\"width\":180,\"height\":111,\"caption\":\"Somos Colores\"},\"image\":{\"@id\":\"https:\\\/\\\/www.somoscolores.com\\\/en\\\/#\\\/schema\\\/logo\\\/image\\\/\"}}]}<\/script>\n<!-- \/ Yoast SEO plugin. -->","yoast_head_json":{"title":"The School - Somos Colores","description":"La Escuela Infantil en Alicante nace de la determinaci\u00f3n de dos profesionales con 20 a\u00f1os de experiencia en el sector de la educaci\u00f3n.","robots":{"index":"index","follow":"follow","max-snippet":"max-snippet:-1","max-image-preview":"max-image-preview:large","max-video-preview":"max-video-preview:-1"},"canonical":"https:\/\/www.somoscolores.com\/en\/the-school-somos-colores\/","og_locale":"en_US","og_type":"article","og_title":"The School - Somos Colores","og_description":"La Escuela Infantil en Alicante nace de la determinaci\u00f3n de dos profesionales con 20 a\u00f1os de experiencia en el sector de la educaci\u00f3n.","og_url":"https:\/\/www.somoscolores.com\/en\/the-school-somos-colores\/","og_site_name":"Somos Colores","article_modified_time":"2022-01-24T10:14:49+00:00","og_image":[{"url":"https:\/\/www.somoscolores.com\/wp-content\/uploads\/2021\/03\/laescuela_01.jpg","type":"","width":"","height":""}],"twitter_card":"summary_large_image","twitter_misc":{"Est. reading time":"3 minutes"},"schema":{"@context":"https:\/\/schema.org","@graph":[{"@type":"WebPage","@id":"https:\/\/www.somoscolores.com\/en\/the-school-somos-colores\/","url":"https:\/\/www.somoscolores.com\/en\/the-school-somos-colores\/","name":"The School - Somos Colores","isPartOf":{"@id":"https:\/\/www.somoscolores.com\/en\/#website"},"primaryImageOfPage":{"@id":"https:\/\/www.somoscolores.com\/en\/the-school-somos-colores\/#primaryimage"},"image":{"@id":"https:\/\/www.somoscolores.com\/en\/the-school-somos-colores\/#primaryimage"},"thumbnailUrl":"https:\/\/www.somoscolores.com\/wp-content\/uploads\/2021\/03\/laescuela_01.jpg","datePublished":"2019-09-14T04:04:40+00:00","dateModified":"2022-01-24T10:14:49+00:00","description":"La Escuela Infantil en Alicante nace de la determinaci\u00f3n de dos profesionales con 20 a\u00f1os de experiencia en el sector de la educaci\u00f3n.","breadcrumb":{"@id":"https:\/\/www.somoscolores.com\/en\/the-school-somos-colores\/#breadcrumb"},"inLanguage":"en-US","potentialAction":[{"@type":"ReadAction","target":["https:\/\/www.somoscolores.com\/en\/the-school-somos-colores\/"]}]},{"@type":"ImageObject","inLanguage":"en-US","@id":"https:\/\/www.somoscolores.com\/en\/the-school-somos-colores\/#primaryimage","url":"https:\/\/www.somoscolores.com\/wp-content\/uploads\/2021\/03\/laescuela_01.jpg","contentUrl":"https:\/\/www.somoscolores.com\/wp-content\/uploads\/2021\/03\/laescuela_01.jpg"},{"@type":"BreadcrumbList","@id":"https:\/\/www.somoscolores.com\/en\/the-school-somos-colores\/#breadcrumb","itemListElement":[{"@type":"ListItem","position":1,"name":"Portada","item":"https:\/\/www.somoscolores.com\/en\/"},{"@type":"ListItem","position":2,"name":"The School"}]},{"@type":"WebSite","@id":"https:\/\/www.somoscolores.com\/en\/#website","url":"https:\/\/www.somoscolores.com\/en\/","name":"Somos Colores","description":"Tu Escuela Infantil en Playa San Juan de Alicante","publisher":{"@id":"https:\/\/www.somoscolores.com\/en\/#organization"},"potentialAction":[{"@type":"SearchAction","target":{"@type":"EntryPoint","urlTemplate":"https:\/\/www.somoscolores.com\/en\/?s={search_term_string}"},"query-input":{"@type":"PropertyValueSpecification","valueRequired":true,"valueName":"search_term_string"}}],"inLanguage":"en-US"},{"@type":"Organization","@id":"https:\/\/www.somoscolores.com\/en\/#organization","name":"Somos Colores","url":"https:\/\/www.somoscolores.com\/en\/","logo":{"@type":"ImageObject","inLanguage":"en-US","@id":"https:\/\/www.somoscolores.com\/en\/#\/schema\/logo\/image\/","url":"https:\/\/www.somoscolores.com\/wp-content\/uploads\/2021\/05\/logo_somoscolores-4.jpg","contentUrl":"https:\/\/www.somoscolores.com\/wp-content\/uploads\/2021\/05\/logo_somoscolores-4.jpg","width":180,"height":111,"caption":"Somos Colores"},"image":{"@id":"https:\/\/www.somoscolores.com\/en\/#\/schema\/logo\/image\/"}}]}},"_links":{"self":[{"href":"https:\/\/www.somoscolores.com\/en\/wp-json\/wp\/v2\/pages\/3768","targetHints":{"allow":["GET"]}}],"collection":[{"href":"https:\/\/www.somoscolores.com\/en\/wp-json\/wp\/v2\/pages"}],"about":[{"href":"https:\/\/www.somoscolores.com\/en\/wp-json\/wp\/v2\/types\/page"}],"author":[{"embeddable":true,"href":"https:\/\/www.somoscolores.com\/en\/wp-json\/wp\/v2\/users\/1"}],"replies":[{"embeddable":true,"href":"https:\/\/www.somoscolores.com\/en\/wp-json\/wp\/v2\/comments?post=3768"}],"version-history":[{"count":19,"href":"https:\/\/www.somoscolores.com\/en\/wp-json\/wp\/v2\/pages\/3768\/revisions"}],"predecessor-version":[{"id":3791,"href":"https:\/\/www.somoscolores.com\/en\/wp-json\/wp\/v2\/pages\/3768\/revisions\/3791"}],"wp:attachment":[{"href":"https:\/\/www.somoscolores.com\/en\/wp-json\/wp\/v2\/media?parent=3768"}],"curies":[{"name":"wp","href":"https:\/\/api.w.org\/{rel}","templated":true}]}}