{"id":3916,"date":"2021-03-24T13:04:45","date_gmt":"2021-03-24T12:04:45","guid":{"rendered":"https:\/\/www.somoscolores.com\/servicios-psicopedagogico\/"},"modified":"2022-01-24T20:15:02","modified_gmt":"2022-01-24T19:15:02","slug":"services-psicopedagogical","status":"publish","type":"page","link":"https:\/\/www.somoscolores.com\/en\/services-psicopedagogical\/","title":{"rendered":"Services"},"content":{"rendered":"\t\t<div data-elementor-type=\"wp-page\" data-elementor-id=\"3916\" class=\"elementor elementor-3916 elementor-1287\">\n\t\t\t\t\t\t<section class=\"elementor-section elementor-top-section elementor-element elementor-element-c5feaef elementor-section-boxed elementor-section-height-default elementor-section-height-default\" data-id=\"c5feaef\" data-element_type=\"section\" data-e-type=\"section\">\n\t\t\t\t\t\t<div class=\"elementor-container elementor-column-gap-default\">\n\t\t\t\t\t<div class=\"elementor-column elementor-col-100 elementor-top-column elementor-element elementor-element-e63eed2\" data-id=\"e63eed2\" data-element_type=\"column\" data-e-type=\"column\">\n\t\t\t<div class=\"elementor-widget-wrap elementor-element-populated\">\n\t\t\t\t\t\t<div class=\"elementor-element elementor-element-2df2315 elementor-position-left elementor-vertical-align-top elementor-widget elementor-widget-image-box\" data-id=\"2df2315\" data-element_type=\"widget\" data-e-type=\"widget\" data-widget_type=\"image-box.default\">\n\t\t\t\t<div class=\"elementor-widget-container\">\n\t\t\t\t\t<div class=\"elementor-image-box-wrapper\"><figure class=\"elementor-image-box-img\"><img decoding=\"async\" width=\"164\" height=\"164\" src=\"https:\/\/www.somoscolores.com\/wp-content\/uploads\/2019\/09\/parent-item-3.jpg\" class=\"attachment-full size-full wp-image-429\" alt=\"\" srcset=\"https:\/\/www.somoscolores.com\/wp-content\/uploads\/2019\/09\/parent-item-3.jpg 164w, https:\/\/www.somoscolores.com\/wp-content\/uploads\/2019\/09\/parent-item-3-150x150.jpg 150w, https:\/\/www.somoscolores.com\/wp-content\/uploads\/2019\/09\/parent-item-3-80x80.jpg 80w\" sizes=\"(max-width: 164px) 100vw, 164px\" \/><\/figure><div class=\"elementor-image-box-content\"><h3 class=\"elementor-image-box-title\">PSICOPEDAGOGICAL SERVICE<\/h3><p class=\"elementor-image-box-description\"><p><strong>CLINIC AND CHILDREN' SCHOOL COLLABORATION PROJECT<\/strong><\/p>\n<p>We are an educational and preventive center with an innovative projects in the area of child education. We have the privilege of having a team of specialists with extensive experience in the field of education and the partner health area that encompass the prenatal, perinatal and postnatal area.<\/p>\n<p>Professionals who guide us and provide us with support, solutions and guidelines to problems that may arise during the child\u2019s development; as well as regular follow-up of each child.<\/p>\n<p>They will also provide tools to teachers and educators in the classroom where they require them..<\/p>\n<p><strong>The team consists of:<\/strong><\/p>\n<ul>\n<li>Occupational therapist specialized in Sensorial Integration and Early Care.<\/li>\n<li>Psychologist.<\/li>\n<li>Logopeda.<\/li>\n<\/ul>\n<p>&nbsp;<\/p>\n<p><strong>To whom it is intended:<\/strong><\/p>\n<p>It is a service for the entire child-child population who presents some signs of alarm in the development or Risk of suffering it.<\/p>\n<p>The intervention is not only directed at the child but also at the family and environment as fundamental and involved parts of this process.<\/p>\n<p>&nbsp;<\/p>\n<p><strong>Therapeutic services we offer:<\/strong><\/p>\n<ul>\n<li>Advice: Service by all professionals with wo each area has, with the intention of providing the most optimal solution and according to every situation that can arise both at the family level, the child, adaptations at the home, school\u2026<\/li>\n<li>Evaluaci\u00f3n: Toda observaci\u00f3n y evaluaci\u00f3n se har\u00e1 en todos los contextos del ni\u00f1o que sean necesarios: casa, colegio\u2026, para determinar los servicios necesarios que nuestro centro te puede ofrecer. Incluye:\n<ul>\n<li>Interviews.<\/li>\n<li>Questionnaries.<\/li>\n<li>History of development \u2013 anamnesis.<\/li>\n<li>Direct remarks.<\/li>\n<li>Standardized tests.<\/li>\n<\/ul>\n<\/li>\n<li>Diagnostic: After evaluation, where we can identify underlying problems may be contributing to the difficulties of the girl and boy we always conclude with a report and a meeting with the family to detail our clinical findings and where we agree the most suitable type of care for the child and his family.<\/li>\n<li>Individual intervention:\n<ul>\n<li>Occupational Therapy (Sensorial integration).<\/li>\n<li>Psychology.<\/li>\n<li>Early Attention.<\/li>\n<li>Logopedia.<\/li>\n<li>Paediatric and respiratory physiotherapy.<\/li>\n<\/ul>\n<\/li>\n<li>Group Intervention:\n<ul>\n<li>Therapeutic Psychomotricity.<\/li>\n<li>Social Skills.<\/li>\n<li>Habits of autonomy: Feeding programs, Daily activities of life\u2026<\/li>\n<li>Logopedia.<\/li>\n<li>School Support.<\/li>\n<\/ul>\n<\/li>\n<li>Follow Up: Continuous monitoring of the implementation of the intervention and results, adapting at all times to the changes that arise.<\/li>\n<\/ul>\n<p>&nbsp;<\/p>\n<p><strong>Other services we offer:<\/strong><\/p>\n<ul>\n<li>Workshops for parents and professionals: Training and research model that responds to the needs of both parents and professionals related to our field.<\/li>\n<li>Group Sessions:\n<ul>\n<li>Child massage.<\/li>\n<li>Baby stimulation.<\/li>\n<li>Family spaces.<\/li>\n<li>Baby handling.<\/li>\n<\/ul>\n<\/li>\n<li>School Support:\n<ul>\n<li>We work pre.writing.<\/li>\n<li>Homework room.<\/li>\n<li>Learning problems.<\/li>\n<\/ul>\n<\/li>\n<li>Workshops:\n<ul>\n<li>We explore the senses.<\/li>\n<li>Game groups.<\/li>\n<li>We are handyman.<\/li>\n<li>Thematic workshops (Christmas, Easter, Halloween, book day\u2026).<\/li>\n<li>To be parents: workshops, courses, dynamics for families\u2026on topics of interest.<\/li>\n<li>Holiday workshops .<\/li>\n<\/ul>\n<\/li>\n&lt;\/ul<\/p><\/div><\/div>\t\t\t\t<\/div>\n\t\t\t\t<\/div>\n\t\t\t\t<div class=\"elementor-element elementor-element-64d0037 elementor-widget elementor-widget-spacer\" data-id=\"64d0037\" data-element_type=\"widget\" data-e-type=\"widget\" data-widget_type=\"spacer.default\">\n\t\t\t\t<div class=\"elementor-widget-container\">\n\t\t\t\t\t\t\t<div class=\"elementor-spacer\">\n\t\t\t<div class=\"elementor-spacer-inner\"><\/div>\n\t\t<\/div>\n\t\t\t\t\t\t<\/div>\n\t\t\t\t<\/div>\n\t\t\t\t\t<\/div>\n\t\t<\/div>\n\t\t\t\t\t<\/div>\n\t\t<\/section>\n\t\t\t\t<section class=\"elementor-section elementor-top-section elementor-element elementor-element-002b0eb elementor-section-boxed elementor-section-height-default elementor-section-height-default\" data-id=\"002b0eb\" data-element_type=\"section\" data-e-type=\"section\">\n\t\t\t\t\t\t<div class=\"elementor-container elementor-column-gap-default\">\n\t\t\t\t\t<div class=\"elementor-column elementor-col-100 elementor-top-column elementor-element elementor-element-d9611d9\" data-id=\"d9611d9\" data-element_type=\"column\" data-e-type=\"column\">\n\t\t\t<div class=\"elementor-widget-wrap\">\n\t\t\t\t\t\t\t<\/div>\n\t\t<\/div>\n\t\t\t\t\t<\/div>\n\t\t<\/section>\n\t\t\t\t<\/div>\n\t\t","protected":false},"excerpt":{"rendered":"<p>PSICOPEDAGOGICAL SERVICE CLINIC AND CHILDREN&#8217; SCHOOL COLLABORATION PROJECT We are an educational and preventive center with an innovative projects in the area of child education. We have the privilege of [&hellip;]<\/p>\n","protected":false},"author":1,"featured_media":0,"parent":0,"menu_order":0,"comment_status":"closed","ping_status":"closed","template":"","meta":{"inline_featured_image":false,"footnotes":""},"class_list":["post-3916","page","type-page","status-publish","hentry"],"yoast_head":"<!-- This site is optimized with the Yoast SEO plugin v27.4 - https:\/\/yoast.com\/product\/yoast-seo-wordpress\/ -->\n<title>Services - Somos Colores<\/title>\n<meta name=\"robots\" content=\"index, follow, max-snippet:-1, max-image-preview:large, max-video-preview:-1\" \/>\n<link rel=\"canonical\" href=\"https:\/\/www.somoscolores.com\/en\/services-psicopedagogical\/\" \/>\n<meta property=\"og:locale\" content=\"en_US\" \/>\n<meta property=\"og:type\" content=\"article\" \/>\n<meta property=\"og:title\" content=\"Services - Somos Colores\" \/>\n<meta property=\"og:description\" content=\"PSICOPEDAGOGICAL SERVICE CLINIC AND CHILDREN&#8217; SCHOOL COLLABORATION PROJECT We are an educational and preventive center with an innovative projects in the area of child education. We have the privilege of [&hellip;]\" \/>\n<meta property=\"og:url\" content=\"https:\/\/www.somoscolores.com\/en\/services-psicopedagogical\/\" \/>\n<meta property=\"og:site_name\" content=\"Somos Colores\" \/>\n<meta property=\"article:modified_time\" content=\"2022-01-24T19:15:02+00:00\" \/>\n<meta property=\"og:image\" content=\"https:\/\/www.somoscolores.com\/wp-content\/uploads\/2019\/09\/parent-item-3.jpg\" \/>\n<meta name=\"twitter:card\" content=\"summary_large_image\" \/>\n<meta name=\"twitter:label1\" content=\"Est. reading time\" \/>\n\t<meta name=\"twitter:data1\" content=\"3 minutes\" \/>\n<script type=\"application\/ld+json\" class=\"yoast-schema-graph\">{\"@context\":\"https:\\\/\\\/schema.org\",\"@graph\":[{\"@type\":\"WebPage\",\"@id\":\"https:\\\/\\\/www.somoscolores.com\\\/en\\\/services-psicopedagogical\\\/\",\"url\":\"https:\\\/\\\/www.somoscolores.com\\\/en\\\/services-psicopedagogical\\\/\",\"name\":\"Services - Somos Colores\",\"isPartOf\":{\"@id\":\"https:\\\/\\\/www.somoscolores.com\\\/en\\\/#website\"},\"primaryImageOfPage\":{\"@id\":\"https:\\\/\\\/www.somoscolores.com\\\/en\\\/services-psicopedagogical\\\/#primaryimage\"},\"image\":{\"@id\":\"https:\\\/\\\/www.somoscolores.com\\\/en\\\/services-psicopedagogical\\\/#primaryimage\"},\"thumbnailUrl\":\"https:\\\/\\\/www.somoscolores.com\\\/wp-content\\\/uploads\\\/2019\\\/09\\\/parent-item-3.jpg\",\"datePublished\":\"2021-03-24T12:04:45+00:00\",\"dateModified\":\"2022-01-24T19:15:02+00:00\",\"breadcrumb\":{\"@id\":\"https:\\\/\\\/www.somoscolores.com\\\/en\\\/services-psicopedagogical\\\/#breadcrumb\"},\"inLanguage\":\"en-US\",\"potentialAction\":[{\"@type\":\"ReadAction\",\"target\":[\"https:\\\/\\\/www.somoscolores.com\\\/en\\\/services-psicopedagogical\\\/\"]}]},{\"@type\":\"ImageObject\",\"inLanguage\":\"en-US\",\"@id\":\"https:\\\/\\\/www.somoscolores.com\\\/en\\\/services-psicopedagogical\\\/#primaryimage\",\"url\":\"https:\\\/\\\/www.somoscolores.com\\\/wp-content\\\/uploads\\\/2019\\\/09\\\/parent-item-3.jpg\",\"contentUrl\":\"https:\\\/\\\/www.somoscolores.com\\\/wp-content\\\/uploads\\\/2019\\\/09\\\/parent-item-3.jpg\"},{\"@type\":\"BreadcrumbList\",\"@id\":\"https:\\\/\\\/www.somoscolores.com\\\/en\\\/services-psicopedagogical\\\/#breadcrumb\",\"itemListElement\":[{\"@type\":\"ListItem\",\"position\":1,\"name\":\"Portada\",\"item\":\"https:\\\/\\\/www.somoscolores.com\\\/en\\\/\"},{\"@type\":\"ListItem\",\"position\":2,\"name\":\"Services\"}]},{\"@type\":\"WebSite\",\"@id\":\"https:\\\/\\\/www.somoscolores.com\\\/en\\\/#website\",\"url\":\"https:\\\/\\\/www.somoscolores.com\\\/en\\\/\",\"name\":\"Somos Colores\",\"description\":\"Tu Escuela Infantil en Playa San Juan de Alicante\",\"publisher\":{\"@id\":\"https:\\\/\\\/www.somoscolores.com\\\/en\\\/#organization\"},\"potentialAction\":[{\"@type\":\"SearchAction\",\"target\":{\"@type\":\"EntryPoint\",\"urlTemplate\":\"https:\\\/\\\/www.somoscolores.com\\\/en\\\/?s={search_term_string}\"},\"query-input\":{\"@type\":\"PropertyValueSpecification\",\"valueRequired\":true,\"valueName\":\"search_term_string\"}}],\"inLanguage\":\"en-US\"},{\"@type\":\"Organization\",\"@id\":\"https:\\\/\\\/www.somoscolores.com\\\/en\\\/#organization\",\"name\":\"Somos Colores\",\"url\":\"https:\\\/\\\/www.somoscolores.com\\\/en\\\/\",\"logo\":{\"@type\":\"ImageObject\",\"inLanguage\":\"en-US\",\"@id\":\"https:\\\/\\\/www.somoscolores.com\\\/en\\\/#\\\/schema\\\/logo\\\/image\\\/\",\"url\":\"https:\\\/\\\/www.somoscolores.com\\\/wp-content\\\/uploads\\\/2021\\\/05\\\/logo_somoscolores-4.jpg\",\"contentUrl\":\"https:\\\/\\\/www.somoscolores.com\\\/wp-content\\\/uploads\\\/2021\\\/05\\\/logo_somoscolores-4.jpg\",\"width\":180,\"height\":111,\"caption\":\"Somos Colores\"},\"image\":{\"@id\":\"https:\\\/\\\/www.somoscolores.com\\\/en\\\/#\\\/schema\\\/logo\\\/image\\\/\"}}]}<\/script>\n<!-- \/ Yoast SEO plugin. -->","yoast_head_json":{"title":"Services - Somos Colores","robots":{"index":"index","follow":"follow","max-snippet":"max-snippet:-1","max-image-preview":"max-image-preview:large","max-video-preview":"max-video-preview:-1"},"canonical":"https:\/\/www.somoscolores.com\/en\/services-psicopedagogical\/","og_locale":"en_US","og_type":"article","og_title":"Services - Somos Colores","og_description":"PSICOPEDAGOGICAL SERVICE CLINIC AND CHILDREN&#8217; SCHOOL COLLABORATION PROJECT We are an educational and preventive center with an innovative projects in the area of child education. We have the privilege of [&hellip;]","og_url":"https:\/\/www.somoscolores.com\/en\/services-psicopedagogical\/","og_site_name":"Somos Colores","article_modified_time":"2022-01-24T19:15:02+00:00","og_image":[{"url":"https:\/\/www.somoscolores.com\/wp-content\/uploads\/2019\/09\/parent-item-3.jpg","type":"","width":"","height":""}],"twitter_card":"summary_large_image","twitter_misc":{"Est. reading time":"3 minutes"},"schema":{"@context":"https:\/\/schema.org","@graph":[{"@type":"WebPage","@id":"https:\/\/www.somoscolores.com\/en\/services-psicopedagogical\/","url":"https:\/\/www.somoscolores.com\/en\/services-psicopedagogical\/","name":"Services - Somos Colores","isPartOf":{"@id":"https:\/\/www.somoscolores.com\/en\/#website"},"primaryImageOfPage":{"@id":"https:\/\/www.somoscolores.com\/en\/services-psicopedagogical\/#primaryimage"},"image":{"@id":"https:\/\/www.somoscolores.com\/en\/services-psicopedagogical\/#primaryimage"},"thumbnailUrl":"https:\/\/www.somoscolores.com\/wp-content\/uploads\/2019\/09\/parent-item-3.jpg","datePublished":"2021-03-24T12:04:45+00:00","dateModified":"2022-01-24T19:15:02+00:00","breadcrumb":{"@id":"https:\/\/www.somoscolores.com\/en\/services-psicopedagogical\/#breadcrumb"},"inLanguage":"en-US","potentialAction":[{"@type":"ReadAction","target":["https:\/\/www.somoscolores.com\/en\/services-psicopedagogical\/"]}]},{"@type":"ImageObject","inLanguage":"en-US","@id":"https:\/\/www.somoscolores.com\/en\/services-psicopedagogical\/#primaryimage","url":"https:\/\/www.somoscolores.com\/wp-content\/uploads\/2019\/09\/parent-item-3.jpg","contentUrl":"https:\/\/www.somoscolores.com\/wp-content\/uploads\/2019\/09\/parent-item-3.jpg"},{"@type":"BreadcrumbList","@id":"https:\/\/www.somoscolores.com\/en\/services-psicopedagogical\/#breadcrumb","itemListElement":[{"@type":"ListItem","position":1,"name":"Portada","item":"https:\/\/www.somoscolores.com\/en\/"},{"@type":"ListItem","position":2,"name":"Services"}]},{"@type":"WebSite","@id":"https:\/\/www.somoscolores.com\/en\/#website","url":"https:\/\/www.somoscolores.com\/en\/","name":"Somos Colores","description":"Tu Escuela Infantil en Playa San Juan de Alicante","publisher":{"@id":"https:\/\/www.somoscolores.com\/en\/#organization"},"potentialAction":[{"@type":"SearchAction","target":{"@type":"EntryPoint","urlTemplate":"https:\/\/www.somoscolores.com\/en\/?s={search_term_string}"},"query-input":{"@type":"PropertyValueSpecification","valueRequired":true,"valueName":"search_term_string"}}],"inLanguage":"en-US"},{"@type":"Organization","@id":"https:\/\/www.somoscolores.com\/en\/#organization","name":"Somos Colores","url":"https:\/\/www.somoscolores.com\/en\/","logo":{"@type":"ImageObject","inLanguage":"en-US","@id":"https:\/\/www.somoscolores.com\/en\/#\/schema\/logo\/image\/","url":"https:\/\/www.somoscolores.com\/wp-content\/uploads\/2021\/05\/logo_somoscolores-4.jpg","contentUrl":"https:\/\/www.somoscolores.com\/wp-content\/uploads\/2021\/05\/logo_somoscolores-4.jpg","width":180,"height":111,"caption":"Somos Colores"},"image":{"@id":"https:\/\/www.somoscolores.com\/en\/#\/schema\/logo\/image\/"}}]}},"_links":{"self":[{"href":"https:\/\/www.somoscolores.com\/en\/wp-json\/wp\/v2\/pages\/3916","targetHints":{"allow":["GET"]}}],"collection":[{"href":"https:\/\/www.somoscolores.com\/en\/wp-json\/wp\/v2\/pages"}],"about":[{"href":"https:\/\/www.somoscolores.com\/en\/wp-json\/wp\/v2\/types\/page"}],"author":[{"embeddable":true,"href":"https:\/\/www.somoscolores.com\/en\/wp-json\/wp\/v2\/users\/1"}],"replies":[{"embeddable":true,"href":"https:\/\/www.somoscolores.com\/en\/wp-json\/wp\/v2\/comments?post=3916"}],"version-history":[{"count":7,"href":"https:\/\/www.somoscolores.com\/en\/wp-json\/wp\/v2\/pages\/3916\/revisions"}],"predecessor-version":[{"id":3965,"href":"https:\/\/www.somoscolores.com\/en\/wp-json\/wp\/v2\/pages\/3916\/revisions\/3965"}],"wp:attachment":[{"href":"https:\/\/www.somoscolores.com\/en\/wp-json\/wp\/v2\/media?parent=3916"}],"curies":[{"name":"wp","href":"https:\/\/api.w.org\/{rel}","templated":true}]}}