{"id":4707,"date":"2022-11-15T09:46:58","date_gmt":"2022-11-15T08:46:58","guid":{"rendered":"https:\/\/www.somoscolores.com\/equipo-11\/"},"modified":"2024-01-31T15:51:38","modified_gmt":"2024-01-31T14:51:38","slug":"team-11","status":"publish","type":"page","link":"https:\/\/www.somoscolores.com\/en\/team-11\/","title":{"rendered":"The Team"},"content":{"rendered":"\t\t<div data-elementor-type=\"wp-page\" data-elementor-id=\"4707\" class=\"elementor elementor-4707 elementor-4442\">\n\t\t\t\t\t\t<section class=\"elementor-section elementor-top-section elementor-element elementor-element-c5feaef elementor-section-boxed elementor-section-height-default elementor-section-height-default\" data-id=\"c5feaef\" data-element_type=\"section\" data-e-type=\"section\">\n\t\t\t\t\t\t<div class=\"elementor-container elementor-column-gap-default\">\n\t\t\t\t\t<div class=\"elementor-column elementor-col-100 elementor-top-column elementor-element elementor-element-e63eed2\" data-id=\"e63eed2\" data-element_type=\"column\" data-e-type=\"column\">\n\t\t\t<div class=\"elementor-widget-wrap elementor-element-populated\">\n\t\t\t\t\t\t<div class=\"elementor-element elementor-element-2df2315 elementor-position-left elementor-vertical-align-top elementor-widget elementor-widget-image-box\" data-id=\"2df2315\" data-element_type=\"widget\" data-e-type=\"widget\" data-widget_type=\"image-box.default\">\n\t\t\t\t<div class=\"elementor-widget-container\">\n\t\t\t\t\t<div class=\"elementor-image-box-wrapper\"><figure class=\"elementor-image-box-img\"><img fetchpriority=\"high\" decoding=\"async\" width=\"327\" height=\"473\" src=\"https:\/\/www.somoscolores.com\/wp-content\/uploads\/2024\/01\/sonia-g.jpg\" class=\"attachment-full size-full wp-image-4655\" alt=\"\" srcset=\"https:\/\/www.somoscolores.com\/wp-content\/uploads\/2024\/01\/sonia-g.jpg 327w, https:\/\/www.somoscolores.com\/wp-content\/uploads\/2024\/01\/sonia-g-207x300.jpg 207w, https:\/\/www.somoscolores.com\/wp-content\/uploads\/2024\/01\/sonia-g-301x435.jpg 301w\" sizes=\"(max-width: 327px) 100vw, 327px\" \/><\/figure><div class=\"elementor-image-box-content\"><h3 class=\"elementor-image-box-title\">Sonia<\/h3><p class=\"elementor-image-box-description\"><h4>Educadora<\/h4>\n\n<p>De peque\u00f1os, muchos jugamos a ser maestros. Pasamos mucho tiempo en la escuela y nos gusta imitar lo que vemos y vivimos en ese espacio que forma una parte importante de nuestra vida. Conforme vamos creciendo imaginamos mil cosas que nos gustar\u00eda ser de mayor, pero cuando lleg\u00f3 el momento de elegir a qu\u00e9 me quer\u00eda dedicar la respuesta fue clara para m\u00ed: educadora infantil. No ten\u00eda experiencia con ni\u00f1os, pero por alguna raz\u00f3n no tuve dudas ni hab\u00eda otras opciones, la Educaci\u00f3n Infantil era el camino que quer\u00eda seguir.<\/p>\n\n<p>Para m\u00ed, ser educadora es uno de los trabajos m\u00e1s gratificantes que existen. Ver como los ni\u00f1os crecen, evolucionan y se convierten en peque\u00f1as personitas que van descubriendo el mundo d\u00eda a d\u00eda y empiezan a hacer cosas por s\u00ed mismos es una experiencia incre\u00edble. Pero sobre todo, lo m\u00e1s bonito y gratificante de este trabajo es recibir su amor incondicional.<\/p>\n\n<p style=\"text-align: center !important;font-style: italic;font-size: 18px\">\u2018\u2019Todos los aprendizajes m\u00e1s importantes de la vida, se hacen jugando..\u2019\u2019<\/p>\n<p style=\"text-align: center !important;font-style:italic\"><strong>Francesco Tonucci<\/strong><\/p>\n<p>&nbsp;<\/p>\n<h4>Titulaciones<\/h4>\n<ul>\n<li>T\u00e9cnico de grado superior en Educaci\u00f3n Infantil, IES Figueras Pacheco (Alicante).<\/li>\n<\/ul>\n<br \/>\n<h4>Formaci\u00f3n complementaria<\/h4>\n<ul>\n<li>Curso de Introducci\u00f3n a los Minimundos.<\/li>\n<li>Curso sobre la importancia de la cotidianeidad en la etapa de 0-3 a\u00f1os.<\/li>\n<li>Asesor\u00eda educativa impartida por L\u00fadica Espacio Infantil.<\/li>\n<\/ul>\n\n<\/p><\/div><\/div>\t\t\t\t<\/div>\n\t\t\t\t<\/div>\n\t\t\t\t<div class=\"elementor-element elementor-element-64d0037 elementor-widget elementor-widget-spacer\" data-id=\"64d0037\" data-element_type=\"widget\" data-e-type=\"widget\" data-widget_type=\"spacer.default\">\n\t\t\t\t<div class=\"elementor-widget-container\">\n\t\t\t\t\t\t\t<div class=\"elementor-spacer\">\n\t\t\t<div class=\"elementor-spacer-inner\"><\/div>\n\t\t<\/div>\n\t\t\t\t\t\t<\/div>\n\t\t\t\t<\/div>\n\t\t\t\t\t<\/div>\n\t\t<\/div>\n\t\t\t\t\t<\/div>\n\t\t<\/section>\n\t\t\t\t<section class=\"elementor-section elementor-top-section elementor-element elementor-element-002b0eb elementor-section-boxed elementor-section-height-default elementor-section-height-default\" data-id=\"002b0eb\" data-element_type=\"section\" data-e-type=\"section\">\n\t\t\t\t\t\t<div class=\"elementor-container elementor-column-gap-default\">\n\t\t\t\t\t<div class=\"elementor-column elementor-col-100 elementor-top-column elementor-element elementor-element-d9611d9\" data-id=\"d9611d9\" data-element_type=\"column\" data-e-type=\"column\">\n\t\t\t<div class=\"elementor-widget-wrap\">\n\t\t\t\t\t\t\t<\/div>\n\t\t<\/div>\n\t\t\t\t\t<\/div>\n\t\t<\/section>\n\t\t\t\t<\/div>\n\t\t","protected":false},"excerpt":{"rendered":"<p>Sonia Educadora De peque\u00f1os, muchos jugamos a ser maestros. Pasamos mucho tiempo en la escuela y nos gusta imitar lo que vemos y vivimos en ese espacio que forma una [&hellip;]<\/p>\n","protected":false},"author":1,"featured_media":0,"parent":0,"menu_order":0,"comment_status":"closed","ping_status":"closed","template":"","meta":{"inline_featured_image":false,"footnotes":""},"class_list":["post-4707","page","type-page","status-publish","hentry"],"yoast_head":"<!-- This site is optimized with the Yoast SEO plugin v27.4 - https:\/\/yoast.com\/product\/yoast-seo-wordpress\/ -->\n<title>The Team - Somos Colores<\/title>\n<meta name=\"robots\" content=\"index, follow, max-snippet:-1, max-image-preview:large, max-video-preview:-1\" \/>\n<link rel=\"canonical\" href=\"https:\/\/www.somoscolores.com\/en\/team-11\/\" \/>\n<meta property=\"og:locale\" content=\"en_US\" \/>\n<meta property=\"og:type\" content=\"article\" \/>\n<meta property=\"og:title\" content=\"The Team - Somos Colores\" \/>\n<meta property=\"og:description\" content=\"Sonia Educadora De peque\u00f1os, muchos jugamos a ser maestros. Pasamos mucho tiempo en la escuela y nos gusta imitar lo que vemos y vivimos en ese espacio que forma una [&hellip;]\" \/>\n<meta property=\"og:url\" content=\"https:\/\/www.somoscolores.com\/en\/team-11\/\" \/>\n<meta property=\"og:site_name\" content=\"Somos Colores\" \/>\n<meta property=\"article:modified_time\" content=\"2024-01-31T14:51:38+00:00\" \/>\n<meta property=\"og:image\" content=\"https:\/\/www.somoscolores.com\/wp-content\/uploads\/2024\/01\/sonia-g.jpg\" \/>\n<meta name=\"twitter:card\" content=\"summary_large_image\" \/>\n<meta name=\"twitter:label1\" content=\"Est. reading time\" \/>\n\t<meta name=\"twitter:data1\" content=\"2 minutes\" \/>\n<script type=\"application\/ld+json\" class=\"yoast-schema-graph\">{\"@context\":\"https:\\\/\\\/schema.org\",\"@graph\":[{\"@type\":\"WebPage\",\"@id\":\"https:\\\/\\\/www.somoscolores.com\\\/en\\\/team-11\\\/\",\"url\":\"https:\\\/\\\/www.somoscolores.com\\\/en\\\/team-11\\\/\",\"name\":\"The Team - Somos Colores\",\"isPartOf\":{\"@id\":\"https:\\\/\\\/www.somoscolores.com\\\/en\\\/#website\"},\"primaryImageOfPage\":{\"@id\":\"https:\\\/\\\/www.somoscolores.com\\\/en\\\/team-11\\\/#primaryimage\"},\"image\":{\"@id\":\"https:\\\/\\\/www.somoscolores.com\\\/en\\\/team-11\\\/#primaryimage\"},\"thumbnailUrl\":\"https:\\\/\\\/www.somoscolores.com\\\/wp-content\\\/uploads\\\/2024\\\/01\\\/sonia-g.jpg\",\"datePublished\":\"2022-11-15T08:46:58+00:00\",\"dateModified\":\"2024-01-31T14:51:38+00:00\",\"breadcrumb\":{\"@id\":\"https:\\\/\\\/www.somoscolores.com\\\/en\\\/team-11\\\/#breadcrumb\"},\"inLanguage\":\"en-US\",\"potentialAction\":[{\"@type\":\"ReadAction\",\"target\":[\"https:\\\/\\\/www.somoscolores.com\\\/en\\\/team-11\\\/\"]}]},{\"@type\":\"ImageObject\",\"inLanguage\":\"en-US\",\"@id\":\"https:\\\/\\\/www.somoscolores.com\\\/en\\\/team-11\\\/#primaryimage\",\"url\":\"https:\\\/\\\/www.somoscolores.com\\\/wp-content\\\/uploads\\\/2024\\\/01\\\/sonia-g.jpg\",\"contentUrl\":\"https:\\\/\\\/www.somoscolores.com\\\/wp-content\\\/uploads\\\/2024\\\/01\\\/sonia-g.jpg\"},{\"@type\":\"BreadcrumbList\",\"@id\":\"https:\\\/\\\/www.somoscolores.com\\\/en\\\/team-11\\\/#breadcrumb\",\"itemListElement\":[{\"@type\":\"ListItem\",\"position\":1,\"name\":\"Portada\",\"item\":\"https:\\\/\\\/www.somoscolores.com\\\/en\\\/\"},{\"@type\":\"ListItem\",\"position\":2,\"name\":\"The Team\"}]},{\"@type\":\"WebSite\",\"@id\":\"https:\\\/\\\/www.somoscolores.com\\\/en\\\/#website\",\"url\":\"https:\\\/\\\/www.somoscolores.com\\\/en\\\/\",\"name\":\"Somos Colores\",\"description\":\"Tu Escuela Infantil en Playa San Juan de Alicante\",\"publisher\":{\"@id\":\"https:\\\/\\\/www.somoscolores.com\\\/en\\\/#organization\"},\"potentialAction\":[{\"@type\":\"SearchAction\",\"target\":{\"@type\":\"EntryPoint\",\"urlTemplate\":\"https:\\\/\\\/www.somoscolores.com\\\/en\\\/?s={search_term_string}\"},\"query-input\":{\"@type\":\"PropertyValueSpecification\",\"valueRequired\":true,\"valueName\":\"search_term_string\"}}],\"inLanguage\":\"en-US\"},{\"@type\":\"Organization\",\"@id\":\"https:\\\/\\\/www.somoscolores.com\\\/en\\\/#organization\",\"name\":\"Somos Colores\",\"url\":\"https:\\\/\\\/www.somoscolores.com\\\/en\\\/\",\"logo\":{\"@type\":\"ImageObject\",\"inLanguage\":\"en-US\",\"@id\":\"https:\\\/\\\/www.somoscolores.com\\\/en\\\/#\\\/schema\\\/logo\\\/image\\\/\",\"url\":\"https:\\\/\\\/www.somoscolores.com\\\/wp-content\\\/uploads\\\/2021\\\/05\\\/logo_somoscolores-4.jpg\",\"contentUrl\":\"https:\\\/\\\/www.somoscolores.com\\\/wp-content\\\/uploads\\\/2021\\\/05\\\/logo_somoscolores-4.jpg\",\"width\":180,\"height\":111,\"caption\":\"Somos Colores\"},\"image\":{\"@id\":\"https:\\\/\\\/www.somoscolores.com\\\/en\\\/#\\\/schema\\\/logo\\\/image\\\/\"}}]}<\/script>\n<!-- \/ Yoast SEO plugin. -->","yoast_head_json":{"title":"The Team - Somos Colores","robots":{"index":"index","follow":"follow","max-snippet":"max-snippet:-1","max-image-preview":"max-image-preview:large","max-video-preview":"max-video-preview:-1"},"canonical":"https:\/\/www.somoscolores.com\/en\/team-11\/","og_locale":"en_US","og_type":"article","og_title":"The Team - Somos Colores","og_description":"Sonia Educadora De peque\u00f1os, muchos jugamos a ser maestros. Pasamos mucho tiempo en la escuela y nos gusta imitar lo que vemos y vivimos en ese espacio que forma una [&hellip;]","og_url":"https:\/\/www.somoscolores.com\/en\/team-11\/","og_site_name":"Somos Colores","article_modified_time":"2024-01-31T14:51:38+00:00","og_image":[{"url":"https:\/\/www.somoscolores.com\/wp-content\/uploads\/2024\/01\/sonia-g.jpg","type":"","width":"","height":""}],"twitter_card":"summary_large_image","twitter_misc":{"Est. reading time":"2 minutes"},"schema":{"@context":"https:\/\/schema.org","@graph":[{"@type":"WebPage","@id":"https:\/\/www.somoscolores.com\/en\/team-11\/","url":"https:\/\/www.somoscolores.com\/en\/team-11\/","name":"The Team - Somos Colores","isPartOf":{"@id":"https:\/\/www.somoscolores.com\/en\/#website"},"primaryImageOfPage":{"@id":"https:\/\/www.somoscolores.com\/en\/team-11\/#primaryimage"},"image":{"@id":"https:\/\/www.somoscolores.com\/en\/team-11\/#primaryimage"},"thumbnailUrl":"https:\/\/www.somoscolores.com\/wp-content\/uploads\/2024\/01\/sonia-g.jpg","datePublished":"2022-11-15T08:46:58+00:00","dateModified":"2024-01-31T14:51:38+00:00","breadcrumb":{"@id":"https:\/\/www.somoscolores.com\/en\/team-11\/#breadcrumb"},"inLanguage":"en-US","potentialAction":[{"@type":"ReadAction","target":["https:\/\/www.somoscolores.com\/en\/team-11\/"]}]},{"@type":"ImageObject","inLanguage":"en-US","@id":"https:\/\/www.somoscolores.com\/en\/team-11\/#primaryimage","url":"https:\/\/www.somoscolores.com\/wp-content\/uploads\/2024\/01\/sonia-g.jpg","contentUrl":"https:\/\/www.somoscolores.com\/wp-content\/uploads\/2024\/01\/sonia-g.jpg"},{"@type":"BreadcrumbList","@id":"https:\/\/www.somoscolores.com\/en\/team-11\/#breadcrumb","itemListElement":[{"@type":"ListItem","position":1,"name":"Portada","item":"https:\/\/www.somoscolores.com\/en\/"},{"@type":"ListItem","position":2,"name":"The Team"}]},{"@type":"WebSite","@id":"https:\/\/www.somoscolores.com\/en\/#website","url":"https:\/\/www.somoscolores.com\/en\/","name":"Somos Colores","description":"Tu Escuela Infantil en Playa San Juan de Alicante","publisher":{"@id":"https:\/\/www.somoscolores.com\/en\/#organization"},"potentialAction":[{"@type":"SearchAction","target":{"@type":"EntryPoint","urlTemplate":"https:\/\/www.somoscolores.com\/en\/?s={search_term_string}"},"query-input":{"@type":"PropertyValueSpecification","valueRequired":true,"valueName":"search_term_string"}}],"inLanguage":"en-US"},{"@type":"Organization","@id":"https:\/\/www.somoscolores.com\/en\/#organization","name":"Somos Colores","url":"https:\/\/www.somoscolores.com\/en\/","logo":{"@type":"ImageObject","inLanguage":"en-US","@id":"https:\/\/www.somoscolores.com\/en\/#\/schema\/logo\/image\/","url":"https:\/\/www.somoscolores.com\/wp-content\/uploads\/2021\/05\/logo_somoscolores-4.jpg","contentUrl":"https:\/\/www.somoscolores.com\/wp-content\/uploads\/2021\/05\/logo_somoscolores-4.jpg","width":180,"height":111,"caption":"Somos Colores"},"image":{"@id":"https:\/\/www.somoscolores.com\/en\/#\/schema\/logo\/image\/"}}]}},"_links":{"self":[{"href":"https:\/\/www.somoscolores.com\/en\/wp-json\/wp\/v2\/pages\/4707","targetHints":{"allow":["GET"]}}],"collection":[{"href":"https:\/\/www.somoscolores.com\/en\/wp-json\/wp\/v2\/pages"}],"about":[{"href":"https:\/\/www.somoscolores.com\/en\/wp-json\/wp\/v2\/types\/page"}],"author":[{"embeddable":true,"href":"https:\/\/www.somoscolores.com\/en\/wp-json\/wp\/v2\/users\/1"}],"replies":[{"embeddable":true,"href":"https:\/\/www.somoscolores.com\/en\/wp-json\/wp\/v2\/comments?post=4707"}],"version-history":[{"count":1,"href":"https:\/\/www.somoscolores.com\/en\/wp-json\/wp\/v2\/pages\/4707\/revisions"}],"predecessor-version":[{"id":4708,"href":"https:\/\/www.somoscolores.com\/en\/wp-json\/wp\/v2\/pages\/4707\/revisions\/4708"}],"wp:attachment":[{"href":"https:\/\/www.somoscolores.com\/en\/wp-json\/wp\/v2\/media?parent=4707"}],"curies":[{"name":"wp","href":"https:\/\/api.w.org\/{rel}","templated":true}]}}