{"id":4715,"date":"2024-01-15T12:59:38","date_gmt":"2024-01-15T11:59:38","guid":{"rendered":"https:\/\/www.somoscolores.com\/equipo-12\/"},"modified":"2024-01-31T15:54:01","modified_gmt":"2024-01-31T14:54:01","slug":"team-12","status":"publish","type":"page","link":"https:\/\/www.somoscolores.com\/en\/team-12\/","title":{"rendered":"The Team"},"content":{"rendered":"\t\t<div data-elementor-type=\"wp-page\" data-elementor-id=\"4715\" class=\"elementor elementor-4715 elementor-4529\">\n\t\t\t\t\t\t<section class=\"elementor-section elementor-top-section elementor-element elementor-element-c5feaef elementor-section-boxed elementor-section-height-default elementor-section-height-default\" data-id=\"c5feaef\" data-element_type=\"section\" data-e-type=\"section\">\n\t\t\t\t\t\t<div class=\"elementor-container elementor-column-gap-default\">\n\t\t\t\t\t<div class=\"elementor-column elementor-col-100 elementor-top-column elementor-element elementor-element-e63eed2\" data-id=\"e63eed2\" data-element_type=\"column\" data-e-type=\"column\">\n\t\t\t<div class=\"elementor-widget-wrap elementor-element-populated\">\n\t\t\t\t\t\t<div class=\"elementor-element elementor-element-2df2315 elementor-position-left elementor-vertical-align-top elementor-widget elementor-widget-image-box\" data-id=\"2df2315\" data-element_type=\"widget\" data-e-type=\"widget\" data-widget_type=\"image-box.default\">\n\t\t\t\t<div class=\"elementor-widget-container\">\n\t\t\t\t\t<div class=\"elementor-image-box-wrapper\"><figure class=\"elementor-image-box-img\"><img fetchpriority=\"high\" decoding=\"async\" width=\"327\" height=\"473\" src=\"https:\/\/www.somoscolores.com\/wp-content\/uploads\/2024\/01\/silvia-y-mapi-g.jpg\" class=\"attachment-full size-full wp-image-4666\" alt=\"\" srcset=\"https:\/\/www.somoscolores.com\/wp-content\/uploads\/2024\/01\/silvia-y-mapi-g.jpg 327w, https:\/\/www.somoscolores.com\/wp-content\/uploads\/2024\/01\/silvia-y-mapi-g-207x300.jpg 207w, https:\/\/www.somoscolores.com\/wp-content\/uploads\/2024\/01\/silvia-y-mapi-g-301x435.jpg 301w\" sizes=\"(max-width: 327px) 100vw, 327px\" \/><\/figure><div class=\"elementor-image-box-content\"><h3 class=\"elementor-image-box-title\">Silvia y Mapi<\/h3><p class=\"elementor-image-box-description\"><h4>Terapeutas ocupacionales<\/h4>\n\n<p>Nuestro trabajo como Terapeutas Ocupacionales est\u00e1 dirigido a mejorar la participaci\u00f3n, facilitar el desarrollo, y aumentar la autonom\u00eda de los ni\u00f1os, en sus rutinas, actividades diarias y relaciones de forma activa y placentera.<\/p>\n\n<p style=\"text-align: center !important;font-style: italic;font-size: 18px\">\u201cLa integraci\u00f3n sensorial es el proceso neurol\u00f3gico de organizar<br \/>las sensaciones que recibimos de nuestros cuerpos y del ambiente<br \/>que nos permite responder de manera apropiada<br \/> a las demandas que se nos presentan en el d\u00eda a d\u00eda\u201d<\/p>\n\n\n<h4>Titulaciones<\/h4>\n<ul>\n<li>Diplomadas en Terapia Ocupacional por la Universidad Miguel Hern\u00e1ndez de Elche. M\u00e1ster en Neurolog\u00eda.<\/li>\n\n<li>Formaci\u00f3n avanzada en desarrollo infantil y neurodesarrollo.<\/li>\n\n<li>Formaci\u00f3n nivel experto en el Modelo de la Integraci\u00f3n Sensorial CLASI.<\/li>\n\n<li>Expertas en trastorno del Espectro Autista. Y M\u00e1ster en Comunicaci\u00f3n Aumentativa y Alternativa por la Universidad del Desarrollo de Chile.<\/li>\n\n<li>Profesoras del M\u00e1ster de Terapia Ocupacional Neurol\u00f3gica en la Universidad Miguel Hern\u00e1ndez de Elche.<\/li>\n<li>Con formaci\u00f3n avanzada en dificultades de alimentaci\u00f3n y control de esf\u00ednteres.<\/li>\n<\/ul><\/p><\/div><\/div>\t\t\t\t<\/div>\n\t\t\t\t<\/div>\n\t\t\t\t<div class=\"elementor-element elementor-element-64d0037 elementor-widget elementor-widget-spacer\" data-id=\"64d0037\" data-element_type=\"widget\" data-e-type=\"widget\" data-widget_type=\"spacer.default\">\n\t\t\t\t<div class=\"elementor-widget-container\">\n\t\t\t\t\t\t\t<div class=\"elementor-spacer\">\n\t\t\t<div class=\"elementor-spacer-inner\"><\/div>\n\t\t<\/div>\n\t\t\t\t\t\t<\/div>\n\t\t\t\t<\/div>\n\t\t\t\t\t<\/div>\n\t\t<\/div>\n\t\t\t\t\t<\/div>\n\t\t<\/section>\n\t\t\t\t<section class=\"elementor-section elementor-top-section elementor-element elementor-element-002b0eb elementor-section-boxed elementor-section-height-default elementor-section-height-default\" data-id=\"002b0eb\" data-element_type=\"section\" data-e-type=\"section\">\n\t\t\t\t\t\t<div class=\"elementor-container elementor-column-gap-default\">\n\t\t\t\t\t<div class=\"elementor-column elementor-col-100 elementor-top-column elementor-element elementor-element-d9611d9\" data-id=\"d9611d9\" data-element_type=\"column\" data-e-type=\"column\">\n\t\t\t<div class=\"elementor-widget-wrap\">\n\t\t\t\t\t\t\t<\/div>\n\t\t<\/div>\n\t\t\t\t\t<\/div>\n\t\t<\/section>\n\t\t\t\t<\/div>\n\t\t","protected":false},"excerpt":{"rendered":"<p>Silvia y Mapi Terapeutas ocupacionales Nuestro trabajo como Terapeutas Ocupacionales est\u00e1 dirigido a mejorar la participaci\u00f3n, facilitar el desarrollo, y aumentar la autonom\u00eda de los ni\u00f1os, en sus rutinas, actividades [&hellip;]<\/p>\n","protected":false},"author":1,"featured_media":0,"parent":0,"menu_order":0,"comment_status":"closed","ping_status":"closed","template":"","meta":{"inline_featured_image":false,"footnotes":""},"class_list":["post-4715","page","type-page","status-publish","hentry"],"yoast_head":"<!-- This site is optimized with the Yoast SEO plugin v27.4 - https:\/\/yoast.com\/product\/yoast-seo-wordpress\/ -->\n<title>The Team - Somos Colores<\/title>\n<meta name=\"robots\" content=\"index, follow, max-snippet:-1, max-image-preview:large, max-video-preview:-1\" \/>\n<link rel=\"canonical\" href=\"https:\/\/www.somoscolores.com\/en\/team-12\/\" \/>\n<meta property=\"og:locale\" content=\"en_US\" \/>\n<meta property=\"og:type\" content=\"article\" \/>\n<meta property=\"og:title\" content=\"The Team - Somos Colores\" \/>\n<meta property=\"og:description\" content=\"Silvia y Mapi Terapeutas ocupacionales Nuestro trabajo como Terapeutas Ocupacionales est\u00e1 dirigido a mejorar la participaci\u00f3n, facilitar el desarrollo, y aumentar la autonom\u00eda de los ni\u00f1os, en sus rutinas, actividades [&hellip;]\" \/>\n<meta property=\"og:url\" content=\"https:\/\/www.somoscolores.com\/en\/team-12\/\" \/>\n<meta property=\"og:site_name\" content=\"Somos Colores\" \/>\n<meta property=\"article:modified_time\" content=\"2024-01-31T14:54:01+00:00\" \/>\n<meta property=\"og:image\" content=\"https:\/\/www.somoscolores.com\/wp-content\/uploads\/2024\/01\/silvia-y-mapi-g.jpg\" \/>\n<meta name=\"twitter:card\" content=\"summary_large_image\" \/>\n<meta name=\"twitter:label1\" content=\"Est. reading time\" \/>\n\t<meta name=\"twitter:data1\" content=\"1 minute\" \/>\n<script type=\"application\/ld+json\" class=\"yoast-schema-graph\">{\"@context\":\"https:\\\/\\\/schema.org\",\"@graph\":[{\"@type\":\"WebPage\",\"@id\":\"https:\\\/\\\/www.somoscolores.com\\\/en\\\/team-12\\\/\",\"url\":\"https:\\\/\\\/www.somoscolores.com\\\/en\\\/team-12\\\/\",\"name\":\"The Team - Somos Colores\",\"isPartOf\":{\"@id\":\"https:\\\/\\\/www.somoscolores.com\\\/en\\\/#website\"},\"primaryImageOfPage\":{\"@id\":\"https:\\\/\\\/www.somoscolores.com\\\/en\\\/team-12\\\/#primaryimage\"},\"image\":{\"@id\":\"https:\\\/\\\/www.somoscolores.com\\\/en\\\/team-12\\\/#primaryimage\"},\"thumbnailUrl\":\"https:\\\/\\\/www.somoscolores.com\\\/wp-content\\\/uploads\\\/2024\\\/01\\\/silvia-y-mapi-g.jpg\",\"datePublished\":\"2024-01-15T11:59:38+00:00\",\"dateModified\":\"2024-01-31T14:54:01+00:00\",\"breadcrumb\":{\"@id\":\"https:\\\/\\\/www.somoscolores.com\\\/en\\\/team-12\\\/#breadcrumb\"},\"inLanguage\":\"en-US\",\"potentialAction\":[{\"@type\":\"ReadAction\",\"target\":[\"https:\\\/\\\/www.somoscolores.com\\\/en\\\/team-12\\\/\"]}]},{\"@type\":\"ImageObject\",\"inLanguage\":\"en-US\",\"@id\":\"https:\\\/\\\/www.somoscolores.com\\\/en\\\/team-12\\\/#primaryimage\",\"url\":\"https:\\\/\\\/www.somoscolores.com\\\/wp-content\\\/uploads\\\/2024\\\/01\\\/silvia-y-mapi-g.jpg\",\"contentUrl\":\"https:\\\/\\\/www.somoscolores.com\\\/wp-content\\\/uploads\\\/2024\\\/01\\\/silvia-y-mapi-g.jpg\"},{\"@type\":\"BreadcrumbList\",\"@id\":\"https:\\\/\\\/www.somoscolores.com\\\/en\\\/team-12\\\/#breadcrumb\",\"itemListElement\":[{\"@type\":\"ListItem\",\"position\":1,\"name\":\"Portada\",\"item\":\"https:\\\/\\\/www.somoscolores.com\\\/en\\\/\"},{\"@type\":\"ListItem\",\"position\":2,\"name\":\"The Team\"}]},{\"@type\":\"WebSite\",\"@id\":\"https:\\\/\\\/www.somoscolores.com\\\/en\\\/#website\",\"url\":\"https:\\\/\\\/www.somoscolores.com\\\/en\\\/\",\"name\":\"Somos Colores\",\"description\":\"Tu Escuela Infantil en Playa San Juan de Alicante\",\"publisher\":{\"@id\":\"https:\\\/\\\/www.somoscolores.com\\\/en\\\/#organization\"},\"potentialAction\":[{\"@type\":\"SearchAction\",\"target\":{\"@type\":\"EntryPoint\",\"urlTemplate\":\"https:\\\/\\\/www.somoscolores.com\\\/en\\\/?s={search_term_string}\"},\"query-input\":{\"@type\":\"PropertyValueSpecification\",\"valueRequired\":true,\"valueName\":\"search_term_string\"}}],\"inLanguage\":\"en-US\"},{\"@type\":\"Organization\",\"@id\":\"https:\\\/\\\/www.somoscolores.com\\\/en\\\/#organization\",\"name\":\"Somos Colores\",\"url\":\"https:\\\/\\\/www.somoscolores.com\\\/en\\\/\",\"logo\":{\"@type\":\"ImageObject\",\"inLanguage\":\"en-US\",\"@id\":\"https:\\\/\\\/www.somoscolores.com\\\/en\\\/#\\\/schema\\\/logo\\\/image\\\/\",\"url\":\"https:\\\/\\\/www.somoscolores.com\\\/wp-content\\\/uploads\\\/2021\\\/05\\\/logo_somoscolores-4.jpg\",\"contentUrl\":\"https:\\\/\\\/www.somoscolores.com\\\/wp-content\\\/uploads\\\/2021\\\/05\\\/logo_somoscolores-4.jpg\",\"width\":180,\"height\":111,\"caption\":\"Somos Colores\"},\"image\":{\"@id\":\"https:\\\/\\\/www.somoscolores.com\\\/en\\\/#\\\/schema\\\/logo\\\/image\\\/\"}}]}<\/script>\n<!-- \/ Yoast SEO plugin. -->","yoast_head_json":{"title":"The Team - Somos Colores","robots":{"index":"index","follow":"follow","max-snippet":"max-snippet:-1","max-image-preview":"max-image-preview:large","max-video-preview":"max-video-preview:-1"},"canonical":"https:\/\/www.somoscolores.com\/en\/team-12\/","og_locale":"en_US","og_type":"article","og_title":"The Team - Somos Colores","og_description":"Silvia y Mapi Terapeutas ocupacionales Nuestro trabajo como Terapeutas Ocupacionales est\u00e1 dirigido a mejorar la participaci\u00f3n, facilitar el desarrollo, y aumentar la autonom\u00eda de los ni\u00f1os, en sus rutinas, actividades [&hellip;]","og_url":"https:\/\/www.somoscolores.com\/en\/team-12\/","og_site_name":"Somos Colores","article_modified_time":"2024-01-31T14:54:01+00:00","og_image":[{"url":"https:\/\/www.somoscolores.com\/wp-content\/uploads\/2024\/01\/silvia-y-mapi-g.jpg","type":"","width":"","height":""}],"twitter_card":"summary_large_image","twitter_misc":{"Est. reading time":"1 minute"},"schema":{"@context":"https:\/\/schema.org","@graph":[{"@type":"WebPage","@id":"https:\/\/www.somoscolores.com\/en\/team-12\/","url":"https:\/\/www.somoscolores.com\/en\/team-12\/","name":"The Team - Somos Colores","isPartOf":{"@id":"https:\/\/www.somoscolores.com\/en\/#website"},"primaryImageOfPage":{"@id":"https:\/\/www.somoscolores.com\/en\/team-12\/#primaryimage"},"image":{"@id":"https:\/\/www.somoscolores.com\/en\/team-12\/#primaryimage"},"thumbnailUrl":"https:\/\/www.somoscolores.com\/wp-content\/uploads\/2024\/01\/silvia-y-mapi-g.jpg","datePublished":"2024-01-15T11:59:38+00:00","dateModified":"2024-01-31T14:54:01+00:00","breadcrumb":{"@id":"https:\/\/www.somoscolores.com\/en\/team-12\/#breadcrumb"},"inLanguage":"en-US","potentialAction":[{"@type":"ReadAction","target":["https:\/\/www.somoscolores.com\/en\/team-12\/"]}]},{"@type":"ImageObject","inLanguage":"en-US","@id":"https:\/\/www.somoscolores.com\/en\/team-12\/#primaryimage","url":"https:\/\/www.somoscolores.com\/wp-content\/uploads\/2024\/01\/silvia-y-mapi-g.jpg","contentUrl":"https:\/\/www.somoscolores.com\/wp-content\/uploads\/2024\/01\/silvia-y-mapi-g.jpg"},{"@type":"BreadcrumbList","@id":"https:\/\/www.somoscolores.com\/en\/team-12\/#breadcrumb","itemListElement":[{"@type":"ListItem","position":1,"name":"Portada","item":"https:\/\/www.somoscolores.com\/en\/"},{"@type":"ListItem","position":2,"name":"The Team"}]},{"@type":"WebSite","@id":"https:\/\/www.somoscolores.com\/en\/#website","url":"https:\/\/www.somoscolores.com\/en\/","name":"Somos Colores","description":"Tu Escuela Infantil en Playa San Juan de Alicante","publisher":{"@id":"https:\/\/www.somoscolores.com\/en\/#organization"},"potentialAction":[{"@type":"SearchAction","target":{"@type":"EntryPoint","urlTemplate":"https:\/\/www.somoscolores.com\/en\/?s={search_term_string}"},"query-input":{"@type":"PropertyValueSpecification","valueRequired":true,"valueName":"search_term_string"}}],"inLanguage":"en-US"},{"@type":"Organization","@id":"https:\/\/www.somoscolores.com\/en\/#organization","name":"Somos Colores","url":"https:\/\/www.somoscolores.com\/en\/","logo":{"@type":"ImageObject","inLanguage":"en-US","@id":"https:\/\/www.somoscolores.com\/en\/#\/schema\/logo\/image\/","url":"https:\/\/www.somoscolores.com\/wp-content\/uploads\/2021\/05\/logo_somoscolores-4.jpg","contentUrl":"https:\/\/www.somoscolores.com\/wp-content\/uploads\/2021\/05\/logo_somoscolores-4.jpg","width":180,"height":111,"caption":"Somos Colores"},"image":{"@id":"https:\/\/www.somoscolores.com\/en\/#\/schema\/logo\/image\/"}}]}},"_links":{"self":[{"href":"https:\/\/www.somoscolores.com\/en\/wp-json\/wp\/v2\/pages\/4715","targetHints":{"allow":["GET"]}}],"collection":[{"href":"https:\/\/www.somoscolores.com\/en\/wp-json\/wp\/v2\/pages"}],"about":[{"href":"https:\/\/www.somoscolores.com\/en\/wp-json\/wp\/v2\/types\/page"}],"author":[{"embeddable":true,"href":"https:\/\/www.somoscolores.com\/en\/wp-json\/wp\/v2\/users\/1"}],"replies":[{"embeddable":true,"href":"https:\/\/www.somoscolores.com\/en\/wp-json\/wp\/v2\/comments?post=4715"}],"version-history":[{"count":1,"href":"https:\/\/www.somoscolores.com\/en\/wp-json\/wp\/v2\/pages\/4715\/revisions"}],"predecessor-version":[{"id":4716,"href":"https:\/\/www.somoscolores.com\/en\/wp-json\/wp\/v2\/pages\/4715\/revisions\/4716"}],"wp:attachment":[{"href":"https:\/\/www.somoscolores.com\/en\/wp-json\/wp\/v2\/media?parent=4715"}],"curies":[{"name":"wp","href":"https:\/\/api.w.org\/{rel}","templated":true}]}}