{"id":4720,"date":"2024-01-15T13:13:50","date_gmt":"2024-01-15T12:13:50","guid":{"rendered":"https:\/\/www.somoscolores.com\/equipo-13\/"},"modified":"2024-01-31T15:56:54","modified_gmt":"2024-01-31T14:56:54","slug":"team-13","status":"publish","type":"page","link":"https:\/\/www.somoscolores.com\/en\/team-13\/","title":{"rendered":"The Team"},"content":{"rendered":"\t\t<div data-elementor-type=\"wp-page\" data-elementor-id=\"4720\" class=\"elementor elementor-4720 elementor-4548\">\n\t\t\t\t\t\t<section class=\"elementor-section elementor-top-section elementor-element elementor-element-c5feaef elementor-section-boxed elementor-section-height-default elementor-section-height-default\" data-id=\"c5feaef\" data-element_type=\"section\" data-e-type=\"section\">\n\t\t\t\t\t\t<div class=\"elementor-container elementor-column-gap-default\">\n\t\t\t\t\t<div class=\"elementor-column elementor-col-100 elementor-top-column elementor-element elementor-element-e63eed2\" data-id=\"e63eed2\" data-element_type=\"column\" data-e-type=\"column\">\n\t\t\t<div class=\"elementor-widget-wrap elementor-element-populated\">\n\t\t\t\t\t\t<div class=\"elementor-element elementor-element-2df2315 elementor-position-left elementor-vertical-align-top elementor-widget elementor-widget-image-box\" data-id=\"2df2315\" data-element_type=\"widget\" data-e-type=\"widget\" data-widget_type=\"image-box.default\">\n\t\t\t\t<div class=\"elementor-widget-container\">\n\t\t\t\t\t<div class=\"elementor-image-box-wrapper\"><figure class=\"elementor-image-box-img\"><img fetchpriority=\"high\" decoding=\"async\" width=\"327\" height=\"473\" src=\"https:\/\/www.somoscolores.com\/wp-content\/uploads\/2024\/01\/beatriz-g.jpg\" class=\"attachment-full size-full wp-image-4677\" alt=\"\" srcset=\"https:\/\/www.somoscolores.com\/wp-content\/uploads\/2024\/01\/beatriz-g.jpg 327w, https:\/\/www.somoscolores.com\/wp-content\/uploads\/2024\/01\/beatriz-g-207x300.jpg 207w, https:\/\/www.somoscolores.com\/wp-content\/uploads\/2024\/01\/beatriz-g-301x435.jpg 301w\" sizes=\"(max-width: 327px) 100vw, 327px\" \/><\/figure><div class=\"elementor-image-box-content\"><h3 class=\"elementor-image-box-title\">Beatriz<\/h3><p class=\"elementor-image-box-description\"><h4>Psic\u00f3loga<\/h4>\n\n<p>Pap\u00e1s y mam\u00e1s, la etapa de la primera infancia es crucial para un desarrollo adecuado de vuestr@ hij@. <\/p>\n\n<p>Desde los primeros meses y hasta los 6 a\u00f1os se establecen las bases fundamentales de las \u201cfunciones ejecutivas\u201d, es decir, aquellas capacidades y habilidades que hacen que una persona sea aut\u00f3noma en su d\u00eda a d\u00eda. Es por ello, que uno de los objetivos desde la E.I \u201cSomos Colores\u201d es acompa\u00f1ar a las familias en el desarrollo del ni\u00f1@, invitando a talleres de orientaci\u00f3n y formaci\u00f3n sobre diferentes temas de salud cerebral, tanto del ni\u00f1@ como de la familia. Abordaremos temas de vuestro inter\u00e9s como el desarrollo del ni\u00f1@, gesti\u00f3n emocional, control de esf\u00ednteres, etc. <\/p>\n\n<p>Adem\u00e1s, desde un abordaje neuropsicol\u00f3gico se llevar\u00e1 a cabo seguimientos y valoraciones para detectar tempranamente necesidades en el desarrollo en todas las \u00e1reas (cognitiva, lenguaje, socioemocional y motora) y as\u00ed orientar, prevenir e intervenir dificultades en la primera infancia. <\/p>\n\n<p>El respeto en el acompa\u00f1amiento, es una metodolog\u00eda que me define, por lo que para m\u00ed es necesario tener en cuenta las necesidades, expectativas, l\u00edmites, as\u00ed como deseos de la familia priorizando el bienestar y la salud tanto del ni\u00f1@ como de sus padres. <\/p>\n\n\n<h4>Sobre m\u00ed...<\/h4>\n<P>Mi trabajo es mi forma de expresar una de las cosas que m\u00e1s me gusta hacer, mi vocaci\u00f3n en ayudar a los dem\u00e1s. Desde hace m\u00e1s de 15 a\u00f1os, he trabajado con familias en las diferentes etapas del desarrollo tanto en la infancia como adolescencia, form\u00e1ndome en neurodesarrollo pedi\u00e1trico, as\u00ed como en diferentes trastornos, s\u00edndromes y dificultades en el desarrollo. Trabajar en las diferentes fases y etapas de la vida me ha permitido tomar conciencia de las necesidades en la infancia y de los pilares fundamentales para hacer crecer ni\u00f1os y ni\u00f1as felices. <\/p>\n<p>Sin m\u00e1s, deciros que os espero en la escuela y estar\u00e9 agradecida de acompa\u00f1aros en el mayor impacto de vuestra vida: SER PAP\u00c1S Y MAM\u00c1S.<\/p><\/p><\/div><\/div>\t\t\t\t<\/div>\n\t\t\t\t<\/div>\n\t\t\t\t<div class=\"elementor-element elementor-element-64d0037 elementor-widget elementor-widget-spacer\" data-id=\"64d0037\" data-element_type=\"widget\" data-e-type=\"widget\" data-widget_type=\"spacer.default\">\n\t\t\t\t<div class=\"elementor-widget-container\">\n\t\t\t\t\t\t\t<div class=\"elementor-spacer\">\n\t\t\t<div class=\"elementor-spacer-inner\"><\/div>\n\t\t<\/div>\n\t\t\t\t\t\t<\/div>\n\t\t\t\t<\/div>\n\t\t\t\t\t<\/div>\n\t\t<\/div>\n\t\t\t\t\t<\/div>\n\t\t<\/section>\n\t\t\t\t<section class=\"elementor-section elementor-top-section elementor-element elementor-element-002b0eb elementor-section-boxed elementor-section-height-default elementor-section-height-default\" data-id=\"002b0eb\" data-element_type=\"section\" data-e-type=\"section\">\n\t\t\t\t\t\t<div class=\"elementor-container elementor-column-gap-default\">\n\t\t\t\t\t<div class=\"elementor-column elementor-col-100 elementor-top-column elementor-element elementor-element-d9611d9\" data-id=\"d9611d9\" data-element_type=\"column\" data-e-type=\"column\">\n\t\t\t<div class=\"elementor-widget-wrap\">\n\t\t\t\t\t\t\t<\/div>\n\t\t<\/div>\n\t\t\t\t\t<\/div>\n\t\t<\/section>\n\t\t\t\t<\/div>\n\t\t","protected":false},"excerpt":{"rendered":"<p>Beatriz Psic\u00f3loga Pap\u00e1s y mam\u00e1s, la etapa de la primera infancia es crucial para un desarrollo adecuado de vuestr@ hij@. Desde los primeros meses y hasta los 6 a\u00f1os se [&hellip;]<\/p>\n","protected":false},"author":1,"featured_media":0,"parent":0,"menu_order":0,"comment_status":"closed","ping_status":"closed","template":"","meta":{"inline_featured_image":false,"footnotes":""},"class_list":["post-4720","page","type-page","status-publish","hentry"],"yoast_head":"<!-- This site is optimized with the Yoast SEO plugin v27.4 - https:\/\/yoast.com\/product\/yoast-seo-wordpress\/ -->\n<title>The Team - Somos Colores<\/title>\n<meta name=\"robots\" content=\"index, follow, max-snippet:-1, max-image-preview:large, max-video-preview:-1\" \/>\n<link rel=\"canonical\" href=\"https:\/\/www.somoscolores.com\/en\/team-13\/\" \/>\n<meta property=\"og:locale\" content=\"en_US\" \/>\n<meta property=\"og:type\" content=\"article\" \/>\n<meta property=\"og:title\" content=\"The Team - Somos Colores\" \/>\n<meta property=\"og:description\" content=\"Beatriz Psic\u00f3loga Pap\u00e1s y mam\u00e1s, la etapa de la primera infancia es crucial para un desarrollo adecuado de vuestr@ hij@. Desde los primeros meses y hasta los 6 a\u00f1os se [&hellip;]\" \/>\n<meta property=\"og:url\" content=\"https:\/\/www.somoscolores.com\/en\/team-13\/\" \/>\n<meta property=\"og:site_name\" content=\"Somos Colores\" \/>\n<meta property=\"article:modified_time\" content=\"2024-01-31T14:56:54+00:00\" \/>\n<meta property=\"og:image\" content=\"https:\/\/www.somoscolores.com\/wp-content\/uploads\/2024\/01\/beatriz-g.jpg\" \/>\n<meta name=\"twitter:card\" content=\"summary_large_image\" \/>\n<meta name=\"twitter:label1\" content=\"Est. reading time\" \/>\n\t<meta name=\"twitter:data1\" content=\"2 minutes\" \/>\n<script type=\"application\/ld+json\" class=\"yoast-schema-graph\">{\"@context\":\"https:\\\/\\\/schema.org\",\"@graph\":[{\"@type\":\"WebPage\",\"@id\":\"https:\\\/\\\/www.somoscolores.com\\\/en\\\/team-13\\\/\",\"url\":\"https:\\\/\\\/www.somoscolores.com\\\/en\\\/team-13\\\/\",\"name\":\"The Team - Somos Colores\",\"isPartOf\":{\"@id\":\"https:\\\/\\\/www.somoscolores.com\\\/en\\\/#website\"},\"primaryImageOfPage\":{\"@id\":\"https:\\\/\\\/www.somoscolores.com\\\/en\\\/team-13\\\/#primaryimage\"},\"image\":{\"@id\":\"https:\\\/\\\/www.somoscolores.com\\\/en\\\/team-13\\\/#primaryimage\"},\"thumbnailUrl\":\"https:\\\/\\\/www.somoscolores.com\\\/wp-content\\\/uploads\\\/2024\\\/01\\\/beatriz-g.jpg\",\"datePublished\":\"2024-01-15T12:13:50+00:00\",\"dateModified\":\"2024-01-31T14:56:54+00:00\",\"breadcrumb\":{\"@id\":\"https:\\\/\\\/www.somoscolores.com\\\/en\\\/team-13\\\/#breadcrumb\"},\"inLanguage\":\"en-US\",\"potentialAction\":[{\"@type\":\"ReadAction\",\"target\":[\"https:\\\/\\\/www.somoscolores.com\\\/en\\\/team-13\\\/\"]}]},{\"@type\":\"ImageObject\",\"inLanguage\":\"en-US\",\"@id\":\"https:\\\/\\\/www.somoscolores.com\\\/en\\\/team-13\\\/#primaryimage\",\"url\":\"https:\\\/\\\/www.somoscolores.com\\\/wp-content\\\/uploads\\\/2024\\\/01\\\/beatriz-g.jpg\",\"contentUrl\":\"https:\\\/\\\/www.somoscolores.com\\\/wp-content\\\/uploads\\\/2024\\\/01\\\/beatriz-g.jpg\"},{\"@type\":\"BreadcrumbList\",\"@id\":\"https:\\\/\\\/www.somoscolores.com\\\/en\\\/team-13\\\/#breadcrumb\",\"itemListElement\":[{\"@type\":\"ListItem\",\"position\":1,\"name\":\"Portada\",\"item\":\"https:\\\/\\\/www.somoscolores.com\\\/en\\\/\"},{\"@type\":\"ListItem\",\"position\":2,\"name\":\"The Team\"}]},{\"@type\":\"WebSite\",\"@id\":\"https:\\\/\\\/www.somoscolores.com\\\/en\\\/#website\",\"url\":\"https:\\\/\\\/www.somoscolores.com\\\/en\\\/\",\"name\":\"Somos Colores\",\"description\":\"Tu Escuela Infantil en Playa San Juan de Alicante\",\"publisher\":{\"@id\":\"https:\\\/\\\/www.somoscolores.com\\\/en\\\/#organization\"},\"potentialAction\":[{\"@type\":\"SearchAction\",\"target\":{\"@type\":\"EntryPoint\",\"urlTemplate\":\"https:\\\/\\\/www.somoscolores.com\\\/en\\\/?s={search_term_string}\"},\"query-input\":{\"@type\":\"PropertyValueSpecification\",\"valueRequired\":true,\"valueName\":\"search_term_string\"}}],\"inLanguage\":\"en-US\"},{\"@type\":\"Organization\",\"@id\":\"https:\\\/\\\/www.somoscolores.com\\\/en\\\/#organization\",\"name\":\"Somos Colores\",\"url\":\"https:\\\/\\\/www.somoscolores.com\\\/en\\\/\",\"logo\":{\"@type\":\"ImageObject\",\"inLanguage\":\"en-US\",\"@id\":\"https:\\\/\\\/www.somoscolores.com\\\/en\\\/#\\\/schema\\\/logo\\\/image\\\/\",\"url\":\"https:\\\/\\\/www.somoscolores.com\\\/wp-content\\\/uploads\\\/2021\\\/05\\\/logo_somoscolores-4.jpg\",\"contentUrl\":\"https:\\\/\\\/www.somoscolores.com\\\/wp-content\\\/uploads\\\/2021\\\/05\\\/logo_somoscolores-4.jpg\",\"width\":180,\"height\":111,\"caption\":\"Somos Colores\"},\"image\":{\"@id\":\"https:\\\/\\\/www.somoscolores.com\\\/en\\\/#\\\/schema\\\/logo\\\/image\\\/\"}}]}<\/script>\n<!-- \/ Yoast SEO plugin. -->","yoast_head_json":{"title":"The Team - Somos Colores","robots":{"index":"index","follow":"follow","max-snippet":"max-snippet:-1","max-image-preview":"max-image-preview:large","max-video-preview":"max-video-preview:-1"},"canonical":"https:\/\/www.somoscolores.com\/en\/team-13\/","og_locale":"en_US","og_type":"article","og_title":"The Team - Somos Colores","og_description":"Beatriz Psic\u00f3loga Pap\u00e1s y mam\u00e1s, la etapa de la primera infancia es crucial para un desarrollo adecuado de vuestr@ hij@. Desde los primeros meses y hasta los 6 a\u00f1os se [&hellip;]","og_url":"https:\/\/www.somoscolores.com\/en\/team-13\/","og_site_name":"Somos Colores","article_modified_time":"2024-01-31T14:56:54+00:00","og_image":[{"url":"https:\/\/www.somoscolores.com\/wp-content\/uploads\/2024\/01\/beatriz-g.jpg","type":"","width":"","height":""}],"twitter_card":"summary_large_image","twitter_misc":{"Est. reading time":"2 minutes"},"schema":{"@context":"https:\/\/schema.org","@graph":[{"@type":"WebPage","@id":"https:\/\/www.somoscolores.com\/en\/team-13\/","url":"https:\/\/www.somoscolores.com\/en\/team-13\/","name":"The Team - Somos Colores","isPartOf":{"@id":"https:\/\/www.somoscolores.com\/en\/#website"},"primaryImageOfPage":{"@id":"https:\/\/www.somoscolores.com\/en\/team-13\/#primaryimage"},"image":{"@id":"https:\/\/www.somoscolores.com\/en\/team-13\/#primaryimage"},"thumbnailUrl":"https:\/\/www.somoscolores.com\/wp-content\/uploads\/2024\/01\/beatriz-g.jpg","datePublished":"2024-01-15T12:13:50+00:00","dateModified":"2024-01-31T14:56:54+00:00","breadcrumb":{"@id":"https:\/\/www.somoscolores.com\/en\/team-13\/#breadcrumb"},"inLanguage":"en-US","potentialAction":[{"@type":"ReadAction","target":["https:\/\/www.somoscolores.com\/en\/team-13\/"]}]},{"@type":"ImageObject","inLanguage":"en-US","@id":"https:\/\/www.somoscolores.com\/en\/team-13\/#primaryimage","url":"https:\/\/www.somoscolores.com\/wp-content\/uploads\/2024\/01\/beatriz-g.jpg","contentUrl":"https:\/\/www.somoscolores.com\/wp-content\/uploads\/2024\/01\/beatriz-g.jpg"},{"@type":"BreadcrumbList","@id":"https:\/\/www.somoscolores.com\/en\/team-13\/#breadcrumb","itemListElement":[{"@type":"ListItem","position":1,"name":"Portada","item":"https:\/\/www.somoscolores.com\/en\/"},{"@type":"ListItem","position":2,"name":"The Team"}]},{"@type":"WebSite","@id":"https:\/\/www.somoscolores.com\/en\/#website","url":"https:\/\/www.somoscolores.com\/en\/","name":"Somos Colores","description":"Tu Escuela Infantil en Playa San Juan de Alicante","publisher":{"@id":"https:\/\/www.somoscolores.com\/en\/#organization"},"potentialAction":[{"@type":"SearchAction","target":{"@type":"EntryPoint","urlTemplate":"https:\/\/www.somoscolores.com\/en\/?s={search_term_string}"},"query-input":{"@type":"PropertyValueSpecification","valueRequired":true,"valueName":"search_term_string"}}],"inLanguage":"en-US"},{"@type":"Organization","@id":"https:\/\/www.somoscolores.com\/en\/#organization","name":"Somos Colores","url":"https:\/\/www.somoscolores.com\/en\/","logo":{"@type":"ImageObject","inLanguage":"en-US","@id":"https:\/\/www.somoscolores.com\/en\/#\/schema\/logo\/image\/","url":"https:\/\/www.somoscolores.com\/wp-content\/uploads\/2021\/05\/logo_somoscolores-4.jpg","contentUrl":"https:\/\/www.somoscolores.com\/wp-content\/uploads\/2021\/05\/logo_somoscolores-4.jpg","width":180,"height":111,"caption":"Somos Colores"},"image":{"@id":"https:\/\/www.somoscolores.com\/en\/#\/schema\/logo\/image\/"}}]}},"_links":{"self":[{"href":"https:\/\/www.somoscolores.com\/en\/wp-json\/wp\/v2\/pages\/4720","targetHints":{"allow":["GET"]}}],"collection":[{"href":"https:\/\/www.somoscolores.com\/en\/wp-json\/wp\/v2\/pages"}],"about":[{"href":"https:\/\/www.somoscolores.com\/en\/wp-json\/wp\/v2\/types\/page"}],"author":[{"embeddable":true,"href":"https:\/\/www.somoscolores.com\/en\/wp-json\/wp\/v2\/users\/1"}],"replies":[{"embeddable":true,"href":"https:\/\/www.somoscolores.com\/en\/wp-json\/wp\/v2\/comments?post=4720"}],"version-history":[{"count":1,"href":"https:\/\/www.somoscolores.com\/en\/wp-json\/wp\/v2\/pages\/4720\/revisions"}],"predecessor-version":[{"id":4721,"href":"https:\/\/www.somoscolores.com\/en\/wp-json\/wp\/v2\/pages\/4720\/revisions\/4721"}],"wp:attachment":[{"href":"https:\/\/www.somoscolores.com\/en\/wp-json\/wp\/v2\/media?parent=4720"}],"curies":[{"name":"wp","href":"https:\/\/api.w.org\/{rel}","templated":true}]}}