{"id":4725,"date":"2024-01-15T13:26:26","date_gmt":"2024-01-15T12:26:26","guid":{"rendered":"https:\/\/www.somoscolores.com\/equipo-14\/"},"modified":"2024-01-31T15:59:41","modified_gmt":"2024-01-31T14:59:41","slug":"team-14","status":"publish","type":"page","link":"https:\/\/www.somoscolores.com\/en\/team-14\/","title":{"rendered":"The Team"},"content":{"rendered":"\t\t<div data-elementor-type=\"wp-page\" data-elementor-id=\"4725\" class=\"elementor elementor-4725 elementor-4561\">\n\t\t\t\t\t\t<section class=\"elementor-section elementor-top-section elementor-element elementor-element-c5feaef elementor-section-boxed elementor-section-height-default elementor-section-height-default\" data-id=\"c5feaef\" data-element_type=\"section\" data-e-type=\"section\">\n\t\t\t\t\t\t<div class=\"elementor-container elementor-column-gap-default\">\n\t\t\t\t\t<div class=\"elementor-column elementor-col-100 elementor-top-column elementor-element elementor-element-e63eed2\" data-id=\"e63eed2\" data-element_type=\"column\" data-e-type=\"column\">\n\t\t\t<div class=\"elementor-widget-wrap elementor-element-populated\">\n\t\t\t\t\t\t<div class=\"elementor-element elementor-element-2df2315 elementor-position-left elementor-vertical-align-top elementor-widget elementor-widget-image-box\" data-id=\"2df2315\" data-element_type=\"widget\" data-e-type=\"widget\" data-widget_type=\"image-box.default\">\n\t\t\t\t<div class=\"elementor-widget-container\">\n\t\t\t\t\t<div class=\"elementor-image-box-wrapper\"><figure class=\"elementor-image-box-img\"><img fetchpriority=\"high\" decoding=\"async\" width=\"327\" height=\"473\" src=\"https:\/\/www.somoscolores.com\/wp-content\/uploads\/2024\/01\/estefania-g.jpg\" class=\"attachment-full size-full wp-image-4687\" alt=\"\" srcset=\"https:\/\/www.somoscolores.com\/wp-content\/uploads\/2024\/01\/estefania-g.jpg 327w, https:\/\/www.somoscolores.com\/wp-content\/uploads\/2024\/01\/estefania-g-207x300.jpg 207w, https:\/\/www.somoscolores.com\/wp-content\/uploads\/2024\/01\/estefania-g-301x435.jpg 301w\" sizes=\"(max-width: 327px) 100vw, 327px\" \/><\/figure><div class=\"elementor-image-box-content\"><h3 class=\"elementor-image-box-title\">Estefan\u00eda Mail\u00e9n Otero Bay<\/h3><p class=\"elementor-image-box-description\"><h4>Profesora de Ingl\u00e9s<\/h4>\n\n<p>Mi nombre es Estefan\u00eda Otero Bay, y mi pasi\u00f3n por el idioma ingl\u00e9s se origin\u00f3 desde una edad temprana, gracias a la influencia de mi madre, quien tambi\u00e9n es profesora de ingl\u00e9s. Su amor por el idioma y su dedicaci\u00f3n a la ense\u00f1anza me inspiraron profundamente.<\/p>\n\n<p>El ambiente en el que crec\u00ed estaba impregnado de libros y el deseo innato de ense\u00f1ar. Desde la ni\u00f1ez, supe que mi camino estaba destinado a la ense\u00f1anza. Cuando era una adolescente, tuve la oportunidad de dar clases a un alumno de educaci\u00f3n infantil, un momento que marc\u00f3 un hito en mi vida. Fue entonces cuando me di cuenta de que mi verdadera vocaci\u00f3n era educar.<\/p>\n\n<p>Mi formaci\u00f3n acad\u00e9mica incluye estudios en la academia \"OK English!\" y el Instituto de Formaci\u00f3n Docente N\u00b019 de mi ciudad. Desde 2016, he tenido el privilegio de ense\u00f1ar en diversos colegios, tanto p\u00fablicos como privados. Mi convicci\u00f3n es que la ense\u00f1anza del ingl\u00e9s en edades tempranas no solo fomenta el biling\u00fcismo, sino que tambi\u00e9n facilita el aprendizaje de otros idiomas.<\/p>\n\n<p>En la actualidad, formo parte de la academia \"My English House\", que adopta una metodolog\u00eda centrada en el aprendizaje experiencial. Su enfoque se basa en la creaci\u00f3n de experiencias tangibles en las que los ni\u00f1os participan activamente y utilizan sus cinco sentidos para aprender. Esta metodolog\u00eda tiene como objetivo estimular el aprendizaje del ingl\u00e9s a trav\u00e9s de experiencias significativas.<\/p>\n\n<p>Agradezco sinceramente a Somos Colores por brindarme la oportunidad de formar parte de su proyecto. Me siento afortunada por haber elegido esta noble profesi\u00f3n y por continuar mi formaci\u00f3n de manera constante. Estoy comprometida a inspirar a las futuras generaciones en su viaje hacia el dominio del ingl\u00e9s y el descubrimiento del mundo a trav\u00e9s del aprendizaje.<\/p>\n\n<p style=\"text-align: center !important;font-style: italic;font-size: 18px\">\u201cTeaching with imagination and learning by doing\u201d<\/p>\n<h4>Titulaciones<\/h4>\n<ul>\n<li>Profesorado de Ingl\u00e9s expedido por el Instituto de Formaci\u00f3n Docente N\u00b019 Mar del Plata, Buenos Aires, Argentina.<\/li>\n<\/ul>\n<br \/>\n<h4>Formaci\u00f3n complementaria<\/h4>\n<ul>\n<li>La expresi\u00f3n corporal como recurso did\u00e1ctico. Instituto Superior San Pablo (2017).<\/li>\n<li>Educar para un medio ambiente mejor. Instituto Superior San Pablo (2017).<\/li>\n<li>Culturas educaci\u00f3n y medio de comunicaci\u00f3n. Instituto Superior San Pablo (2017).<\/li>\n\n\n<li>Tendencias Did\u00e1cticas en la Ense\u00f1anza de las Lenguas Extranjeras. Direcci\u00f3n General de Cultura y Educaci\u00f3n (2018).<\/li>\n<li>Estrategias para el aula de ingl\u00e9s: una mirada desde el aprendizaje basado en proyectos. Direcci\u00f3n General de Cultura y Educaci\u00f3n Gobierno de la Provincia de Buenos Aires (2020).<\/li>\n<\/ul><\/p><\/div><\/div>\t\t\t\t<\/div>\n\t\t\t\t<\/div>\n\t\t\t\t<div class=\"elementor-element elementor-element-64d0037 elementor-widget elementor-widget-spacer\" data-id=\"64d0037\" data-element_type=\"widget\" data-e-type=\"widget\" data-widget_type=\"spacer.default\">\n\t\t\t\t<div class=\"elementor-widget-container\">\n\t\t\t\t\t\t\t<div class=\"elementor-spacer\">\n\t\t\t<div class=\"elementor-spacer-inner\"><\/div>\n\t\t<\/div>\n\t\t\t\t\t\t<\/div>\n\t\t\t\t<\/div>\n\t\t\t\t\t<\/div>\n\t\t<\/div>\n\t\t\t\t\t<\/div>\n\t\t<\/section>\n\t\t\t\t<section class=\"elementor-section elementor-top-section elementor-element elementor-element-002b0eb elementor-section-boxed elementor-section-height-default elementor-section-height-default\" data-id=\"002b0eb\" data-element_type=\"section\" data-e-type=\"section\">\n\t\t\t\t\t\t<div class=\"elementor-container elementor-column-gap-default\">\n\t\t\t\t\t<div class=\"elementor-column elementor-col-100 elementor-top-column elementor-element elementor-element-d9611d9\" data-id=\"d9611d9\" data-element_type=\"column\" data-e-type=\"column\">\n\t\t\t<div class=\"elementor-widget-wrap\">\n\t\t\t\t\t\t\t<\/div>\n\t\t<\/div>\n\t\t\t\t\t<\/div>\n\t\t<\/section>\n\t\t\t\t<\/div>\n\t\t","protected":false},"excerpt":{"rendered":"<p>Estefan\u00eda Mail\u00e9n Otero Bay Profesora de Ingl\u00e9s Mi nombre es Estefan\u00eda Otero Bay, y mi pasi\u00f3n por el idioma ingl\u00e9s se origin\u00f3 desde una edad temprana, gracias a la influencia [&hellip;]<\/p>\n","protected":false},"author":1,"featured_media":0,"parent":0,"menu_order":0,"comment_status":"closed","ping_status":"closed","template":"","meta":{"inline_featured_image":false,"footnotes":""},"class_list":["post-4725","page","type-page","status-publish","hentry"],"yoast_head":"<!-- This site is optimized with the Yoast SEO plugin v27.4 - https:\/\/yoast.com\/product\/yoast-seo-wordpress\/ -->\n<title>The Team - Somos Colores<\/title>\n<meta name=\"robots\" content=\"index, follow, max-snippet:-1, max-image-preview:large, max-video-preview:-1\" \/>\n<link rel=\"canonical\" href=\"https:\/\/www.somoscolores.com\/en\/team-14\/\" \/>\n<meta property=\"og:locale\" content=\"en_US\" \/>\n<meta property=\"og:type\" content=\"article\" \/>\n<meta property=\"og:title\" content=\"The Team - Somos Colores\" \/>\n<meta property=\"og:description\" content=\"Estefan\u00eda Mail\u00e9n Otero Bay Profesora de Ingl\u00e9s Mi nombre es Estefan\u00eda Otero Bay, y mi pasi\u00f3n por el idioma ingl\u00e9s se origin\u00f3 desde una edad temprana, gracias a la influencia [&hellip;]\" \/>\n<meta property=\"og:url\" content=\"https:\/\/www.somoscolores.com\/en\/team-14\/\" \/>\n<meta property=\"og:site_name\" content=\"Somos Colores\" \/>\n<meta property=\"article:modified_time\" content=\"2024-01-31T14:59:41+00:00\" \/>\n<meta property=\"og:image\" content=\"https:\/\/www.somoscolores.com\/wp-content\/uploads\/2024\/01\/estefania-g.jpg\" \/>\n<meta name=\"twitter:card\" content=\"summary_large_image\" \/>\n<meta name=\"twitter:label1\" content=\"Est. reading time\" \/>\n\t<meta name=\"twitter:data1\" content=\"3 minutes\" \/>\n<script type=\"application\/ld+json\" class=\"yoast-schema-graph\">{\"@context\":\"https:\\\/\\\/schema.org\",\"@graph\":[{\"@type\":\"WebPage\",\"@id\":\"https:\\\/\\\/www.somoscolores.com\\\/en\\\/team-14\\\/\",\"url\":\"https:\\\/\\\/www.somoscolores.com\\\/en\\\/team-14\\\/\",\"name\":\"The Team - Somos Colores\",\"isPartOf\":{\"@id\":\"https:\\\/\\\/www.somoscolores.com\\\/en\\\/#website\"},\"primaryImageOfPage\":{\"@id\":\"https:\\\/\\\/www.somoscolores.com\\\/en\\\/team-14\\\/#primaryimage\"},\"image\":{\"@id\":\"https:\\\/\\\/www.somoscolores.com\\\/en\\\/team-14\\\/#primaryimage\"},\"thumbnailUrl\":\"https:\\\/\\\/www.somoscolores.com\\\/wp-content\\\/uploads\\\/2024\\\/01\\\/estefania-g.jpg\",\"datePublished\":\"2024-01-15T12:26:26+00:00\",\"dateModified\":\"2024-01-31T14:59:41+00:00\",\"breadcrumb\":{\"@id\":\"https:\\\/\\\/www.somoscolores.com\\\/en\\\/team-14\\\/#breadcrumb\"},\"inLanguage\":\"en-US\",\"potentialAction\":[{\"@type\":\"ReadAction\",\"target\":[\"https:\\\/\\\/www.somoscolores.com\\\/en\\\/team-14\\\/\"]}]},{\"@type\":\"ImageObject\",\"inLanguage\":\"en-US\",\"@id\":\"https:\\\/\\\/www.somoscolores.com\\\/en\\\/team-14\\\/#primaryimage\",\"url\":\"https:\\\/\\\/www.somoscolores.com\\\/wp-content\\\/uploads\\\/2024\\\/01\\\/estefania-g.jpg\",\"contentUrl\":\"https:\\\/\\\/www.somoscolores.com\\\/wp-content\\\/uploads\\\/2024\\\/01\\\/estefania-g.jpg\"},{\"@type\":\"BreadcrumbList\",\"@id\":\"https:\\\/\\\/www.somoscolores.com\\\/en\\\/team-14\\\/#breadcrumb\",\"itemListElement\":[{\"@type\":\"ListItem\",\"position\":1,\"name\":\"Portada\",\"item\":\"https:\\\/\\\/www.somoscolores.com\\\/en\\\/\"},{\"@type\":\"ListItem\",\"position\":2,\"name\":\"The Team\"}]},{\"@type\":\"WebSite\",\"@id\":\"https:\\\/\\\/www.somoscolores.com\\\/en\\\/#website\",\"url\":\"https:\\\/\\\/www.somoscolores.com\\\/en\\\/\",\"name\":\"Somos Colores\",\"description\":\"Tu Escuela Infantil en Playa San Juan de Alicante\",\"publisher\":{\"@id\":\"https:\\\/\\\/www.somoscolores.com\\\/en\\\/#organization\"},\"potentialAction\":[{\"@type\":\"SearchAction\",\"target\":{\"@type\":\"EntryPoint\",\"urlTemplate\":\"https:\\\/\\\/www.somoscolores.com\\\/en\\\/?s={search_term_string}\"},\"query-input\":{\"@type\":\"PropertyValueSpecification\",\"valueRequired\":true,\"valueName\":\"search_term_string\"}}],\"inLanguage\":\"en-US\"},{\"@type\":\"Organization\",\"@id\":\"https:\\\/\\\/www.somoscolores.com\\\/en\\\/#organization\",\"name\":\"Somos Colores\",\"url\":\"https:\\\/\\\/www.somoscolores.com\\\/en\\\/\",\"logo\":{\"@type\":\"ImageObject\",\"inLanguage\":\"en-US\",\"@id\":\"https:\\\/\\\/www.somoscolores.com\\\/en\\\/#\\\/schema\\\/logo\\\/image\\\/\",\"url\":\"https:\\\/\\\/www.somoscolores.com\\\/wp-content\\\/uploads\\\/2021\\\/05\\\/logo_somoscolores-4.jpg\",\"contentUrl\":\"https:\\\/\\\/www.somoscolores.com\\\/wp-content\\\/uploads\\\/2021\\\/05\\\/logo_somoscolores-4.jpg\",\"width\":180,\"height\":111,\"caption\":\"Somos Colores\"},\"image\":{\"@id\":\"https:\\\/\\\/www.somoscolores.com\\\/en\\\/#\\\/schema\\\/logo\\\/image\\\/\"}}]}<\/script>\n<!-- \/ Yoast SEO plugin. -->","yoast_head_json":{"title":"The Team - Somos Colores","robots":{"index":"index","follow":"follow","max-snippet":"max-snippet:-1","max-image-preview":"max-image-preview:large","max-video-preview":"max-video-preview:-1"},"canonical":"https:\/\/www.somoscolores.com\/en\/team-14\/","og_locale":"en_US","og_type":"article","og_title":"The Team - Somos Colores","og_description":"Estefan\u00eda Mail\u00e9n Otero Bay Profesora de Ingl\u00e9s Mi nombre es Estefan\u00eda Otero Bay, y mi pasi\u00f3n por el idioma ingl\u00e9s se origin\u00f3 desde una edad temprana, gracias a la influencia [&hellip;]","og_url":"https:\/\/www.somoscolores.com\/en\/team-14\/","og_site_name":"Somos Colores","article_modified_time":"2024-01-31T14:59:41+00:00","og_image":[{"url":"https:\/\/www.somoscolores.com\/wp-content\/uploads\/2024\/01\/estefania-g.jpg","type":"","width":"","height":""}],"twitter_card":"summary_large_image","twitter_misc":{"Est. reading time":"3 minutes"},"schema":{"@context":"https:\/\/schema.org","@graph":[{"@type":"WebPage","@id":"https:\/\/www.somoscolores.com\/en\/team-14\/","url":"https:\/\/www.somoscolores.com\/en\/team-14\/","name":"The Team - Somos Colores","isPartOf":{"@id":"https:\/\/www.somoscolores.com\/en\/#website"},"primaryImageOfPage":{"@id":"https:\/\/www.somoscolores.com\/en\/team-14\/#primaryimage"},"image":{"@id":"https:\/\/www.somoscolores.com\/en\/team-14\/#primaryimage"},"thumbnailUrl":"https:\/\/www.somoscolores.com\/wp-content\/uploads\/2024\/01\/estefania-g.jpg","datePublished":"2024-01-15T12:26:26+00:00","dateModified":"2024-01-31T14:59:41+00:00","breadcrumb":{"@id":"https:\/\/www.somoscolores.com\/en\/team-14\/#breadcrumb"},"inLanguage":"en-US","potentialAction":[{"@type":"ReadAction","target":["https:\/\/www.somoscolores.com\/en\/team-14\/"]}]},{"@type":"ImageObject","inLanguage":"en-US","@id":"https:\/\/www.somoscolores.com\/en\/team-14\/#primaryimage","url":"https:\/\/www.somoscolores.com\/wp-content\/uploads\/2024\/01\/estefania-g.jpg","contentUrl":"https:\/\/www.somoscolores.com\/wp-content\/uploads\/2024\/01\/estefania-g.jpg"},{"@type":"BreadcrumbList","@id":"https:\/\/www.somoscolores.com\/en\/team-14\/#breadcrumb","itemListElement":[{"@type":"ListItem","position":1,"name":"Portada","item":"https:\/\/www.somoscolores.com\/en\/"},{"@type":"ListItem","position":2,"name":"The Team"}]},{"@type":"WebSite","@id":"https:\/\/www.somoscolores.com\/en\/#website","url":"https:\/\/www.somoscolores.com\/en\/","name":"Somos Colores","description":"Tu Escuela Infantil en Playa San Juan de Alicante","publisher":{"@id":"https:\/\/www.somoscolores.com\/en\/#organization"},"potentialAction":[{"@type":"SearchAction","target":{"@type":"EntryPoint","urlTemplate":"https:\/\/www.somoscolores.com\/en\/?s={search_term_string}"},"query-input":{"@type":"PropertyValueSpecification","valueRequired":true,"valueName":"search_term_string"}}],"inLanguage":"en-US"},{"@type":"Organization","@id":"https:\/\/www.somoscolores.com\/en\/#organization","name":"Somos Colores","url":"https:\/\/www.somoscolores.com\/en\/","logo":{"@type":"ImageObject","inLanguage":"en-US","@id":"https:\/\/www.somoscolores.com\/en\/#\/schema\/logo\/image\/","url":"https:\/\/www.somoscolores.com\/wp-content\/uploads\/2021\/05\/logo_somoscolores-4.jpg","contentUrl":"https:\/\/www.somoscolores.com\/wp-content\/uploads\/2021\/05\/logo_somoscolores-4.jpg","width":180,"height":111,"caption":"Somos Colores"},"image":{"@id":"https:\/\/www.somoscolores.com\/en\/#\/schema\/logo\/image\/"}}]}},"_links":{"self":[{"href":"https:\/\/www.somoscolores.com\/en\/wp-json\/wp\/v2\/pages\/4725","targetHints":{"allow":["GET"]}}],"collection":[{"href":"https:\/\/www.somoscolores.com\/en\/wp-json\/wp\/v2\/pages"}],"about":[{"href":"https:\/\/www.somoscolores.com\/en\/wp-json\/wp\/v2\/types\/page"}],"author":[{"embeddable":true,"href":"https:\/\/www.somoscolores.com\/en\/wp-json\/wp\/v2\/users\/1"}],"replies":[{"embeddable":true,"href":"https:\/\/www.somoscolores.com\/en\/wp-json\/wp\/v2\/comments?post=4725"}],"version-history":[{"count":1,"href":"https:\/\/www.somoscolores.com\/en\/wp-json\/wp\/v2\/pages\/4725\/revisions"}],"predecessor-version":[{"id":4726,"href":"https:\/\/www.somoscolores.com\/en\/wp-json\/wp\/v2\/pages\/4725\/revisions\/4726"}],"wp:attachment":[{"href":"https:\/\/www.somoscolores.com\/en\/wp-json\/wp\/v2\/media?parent=4725"}],"curies":[{"name":"wp","href":"https:\/\/api.w.org\/{rel}","templated":true}]}}