{"id":4862,"date":"2025-09-25T13:08:37","date_gmt":"2025-09-25T11:08:37","guid":{"rendered":"https:\/\/www.somoscolores.com\/equipo-15\/"},"modified":"2025-09-25T13:46:37","modified_gmt":"2025-09-25T11:46:37","slug":"team-15","status":"publish","type":"page","link":"https:\/\/www.somoscolores.com\/en\/team-15\/","title":{"rendered":"The Team"},"content":{"rendered":"\t\t<div data-elementor-type=\"wp-page\" data-elementor-id=\"4862\" class=\"elementor elementor-4862 elementor-4834\">\n\t\t\t\t\t\t<section class=\"elementor-section elementor-top-section elementor-element elementor-element-c5feaef elementor-section-boxed elementor-section-height-default elementor-section-height-default\" data-id=\"c5feaef\" data-element_type=\"section\" data-e-type=\"section\">\n\t\t\t\t\t\t<div class=\"elementor-container elementor-column-gap-default\">\n\t\t\t\t\t<div class=\"elementor-column elementor-col-100 elementor-top-column elementor-element elementor-element-e63eed2\" data-id=\"e63eed2\" data-element_type=\"column\" data-e-type=\"column\">\n\t\t\t<div class=\"elementor-widget-wrap elementor-element-populated\">\n\t\t\t\t\t\t<div class=\"elementor-element elementor-element-2df2315 elementor-position-left elementor-vertical-align-top elementor-widget elementor-widget-image-box\" data-id=\"2df2315\" data-element_type=\"widget\" data-e-type=\"widget\" data-widget_type=\"image-box.default\">\n\t\t\t\t<div class=\"elementor-widget-container\">\n\t\t\t\t\t<div class=\"elementor-image-box-wrapper\"><figure class=\"elementor-image-box-img\"><img fetchpriority=\"high\" decoding=\"async\" width=\"327\" height=\"473\" src=\"https:\/\/www.somoscolores.com\/wp-content\/uploads\/2025\/09\/macarena-g.jpg\" class=\"attachment-full size-full wp-image-4846\" alt=\"Macarena\" srcset=\"https:\/\/www.somoscolores.com\/wp-content\/uploads\/2025\/09\/macarena-g.jpg 327w, https:\/\/www.somoscolores.com\/wp-content\/uploads\/2025\/09\/macarena-g-207x300.jpg 207w, https:\/\/www.somoscolores.com\/wp-content\/uploads\/2025\/09\/macarena-g-301x435.jpg 301w\" sizes=\"(max-width: 327px) 100vw, 327px\" \/><\/figure><div class=\"elementor-image-box-content\"><h3 class=\"elementor-image-box-title\">Macarena<\/h3><p class=\"elementor-image-box-description\"><h4>Teacher<\/h4>\n\n<p>La infancia siempre me ha parecido un universo m\u00e1gico, lleno de emociones y aprendizajes que nos acompa\u00f1an para toda la vida. Estudi\u00e9 el grado de <strong>Psicolog\u00eda<\/strong> porque quer\u00eda descubrir c\u00f3mo nos relacionamos con los dem\u00e1s, comprender mejor las emociones y acercarme a las personas que me rodean con empat\u00eda y sensibilidad. M\u00e1s tarde, realic\u00e9 un <strong>M\u00e1ster de Direcci\u00f3n y Gesti\u00f3n de Recursos Humanos<\/strong>, convencida de que aprender a trabajar en equipo es esencial, porque cuando volamos en compa\u00f1\u00eda, siempre llegamos m\u00e1s lejos y el viaje es m\u00e1s bonito.<\/p>\n<p>Al mismo tiempo que estudiaba, empec\u00e9 a trabajar como <strong>monitora de comedor en un colegio con ni\u00f1os y ni\u00f1as de 3 a 5 a\u00f1os<\/strong>, y me bastaron cinco minutos all\u00ed para comprenderlo con absoluta claridad: quer\u00eda pasar toda mi vida rodeada de ni\u00f1os\/as. En ese instante me acord\u00e9 de m\u00ed siendo peque\u00f1a, jugando a maestras con todos mis juguetes. Fue el impulso que necesitaba para encontrar mi lugar en el mundo, por lo que decid\u00ed estudiar el <strong>Grado de Maestra en Educaci\u00f3n Infantil<\/strong> para dedicarme a lo que realmente me llena el coraz\u00f3n.<\/p>\n<p>Todos estos a\u00f1os en la escuela me han llevado a un hecho invaluable: las <strong>emociones en la infancia son grandes tesoros<\/strong> que necesitan ser protegidos. Acompa\u00f1ar a los m\u00e1s peque\u00f1os\/as en su gesti\u00f3n emocional no solo les ayuda a crecer m\u00e1s seguros, sino tambi\u00e9n m\u00e1s felices. Por eso, estoy convencida de que unir mis dos formaciones es fundamental para desarrollar mi labor docente desde una mirada completa y consciente.<\/p>\n<p>Todo ello siempre sostenido por los pilares que gu\u00edan mi manera de entender la educaci\u00f3n: <strong>el amor, la alegr\u00eda, la paciencia, el juego, la imaginaci\u00f3n y el aburrimiento<\/strong>, porque en esos peque\u00f1os momentos tambi\u00e9n florece la creatividad y la curiosidad.<\/p>\n<p>Trabajar con ni\u00f1os es una aventura sin l\u00edmites, un viaje en el que cada d\u00eda se descubren emociones nuevas y donde todo est\u00e1 por explorar. Ellos me ense\u00f1an a mirar el mundo con asombro, a re\u00edr desde lo m\u00e1s sencillo y a aprender sin miedo. En ese camino, el amor se convierte en la energ\u00eda que me impulsa a seguir acompa\u00f1\u00e1ndolos, a crecer junto a ellos y a no perder nunca la ilusi\u00f3n. Y, como siempre me recuerda mi madre: <em>\u201cAdelante, no hay nada m\u00e1s bonito que la vida a los ojos de un ni\u00f1o.\u201d<\/em><\/p>\n\n<p style=\"text-align: center !important;font-style: italic;font-size: 18px\">\u201cDeber\u00edamos invertir menos tiempo en clasificar a los ni\u00f1os y ayudarles m\u00e1s<br \/> a identificar y a cultivar sus habilidades y sus dones naturales.<br \/>Existen miles de formas\nde alcanzar el \u00e9xito...\u201d\u201d<\/p>\n<p style=\"text-align: center !important;font-style:italic\"><strong>Daniel Goleman<\/strong><\/p>\n\n<h4>Titulaciones<\/h4>\n<ul>\n<li>Grado en Psicolog\u00eda por la Universidad Miguel Hern\u00e1ndez (Elche, Alicante).<\/li>\n<li>M\u00e1ster en Direcci\u00f3n y gesti\u00f3n de recursos humanos por la Universitat Oberta de Catalunya (Barcelona).<\/li>\n<li>Grado en Maestra de Educaci\u00f3n Infantil por la Universidad de Alicante (Alicante).<\/li>\n<\/ul>\n<br \/>\n<h4>Formaci\u00f3n complementaria<\/h4>\n<ul>\n<li>Curso en Educaci\u00f3n emocional: de las inteligencias m\u00faltiples al mindfulness por la Universidad de Nebrija (Madrid).<\/li>\n<li>Curso en Estrategias de aprendizaje por la Universidad de Nebrija (Madrid).<\/li>\n<li>Curso en Documentar la Infancia por Ludoteca Espacio Infantil.<\/li>\n<li>Curso en Violencia sexual: detecta el acoso en tu entorno por la Universidad Miguel Hern\u00e1ndez (Elche, Alicante).<\/li>\n<li>Curso en Formaci\u00f3n pr\u00e1ctica en autismo. XIII Edici\u00f3n por la Universidad Miguel Hern\u00e1ndez (Elche, Alicante).<\/li>\n<\/ul><\/p><\/div><\/div>\t\t\t\t<\/div>\n\t\t\t\t<\/div>\n\t\t\t\t<div class=\"elementor-element elementor-element-64d0037 elementor-widget elementor-widget-spacer\" data-id=\"64d0037\" data-element_type=\"widget\" data-e-type=\"widget\" data-widget_type=\"spacer.default\">\n\t\t\t\t<div class=\"elementor-widget-container\">\n\t\t\t\t\t\t\t<div class=\"elementor-spacer\">\n\t\t\t<div class=\"elementor-spacer-inner\"><\/div>\n\t\t<\/div>\n\t\t\t\t\t\t<\/div>\n\t\t\t\t<\/div>\n\t\t\t\t\t<\/div>\n\t\t<\/div>\n\t\t\t\t\t<\/div>\n\t\t<\/section>\n\t\t\t\t<section class=\"elementor-section elementor-top-section elementor-element elementor-element-002b0eb elementor-section-boxed elementor-section-height-default elementor-section-height-default\" data-id=\"002b0eb\" data-element_type=\"section\" data-e-type=\"section\">\n\t\t\t\t\t\t<div class=\"elementor-container elementor-column-gap-default\">\n\t\t\t\t\t<div class=\"elementor-column elementor-col-100 elementor-top-column elementor-element elementor-element-d9611d9\" data-id=\"d9611d9\" data-element_type=\"column\" data-e-type=\"column\">\n\t\t\t<div class=\"elementor-widget-wrap\">\n\t\t\t\t\t\t\t<\/div>\n\t\t<\/div>\n\t\t\t\t\t<\/div>\n\t\t<\/section>\n\t\t\t\t<\/div>\n\t\t","protected":false},"excerpt":{"rendered":"<p>Macarena Teacher La infancia siempre me ha parecido un universo m\u00e1gico, lleno de emociones y aprendizajes que nos acompa\u00f1an para toda la vida. Estudi\u00e9 el grado de Psicolog\u00eda porque quer\u00eda [&hellip;]<\/p>\n","protected":false},"author":1,"featured_media":0,"parent":0,"menu_order":0,"comment_status":"closed","ping_status":"closed","template":"","meta":{"inline_featured_image":false,"footnotes":""},"class_list":["post-4862","page","type-page","status-publish","hentry"],"yoast_head":"<!-- This site is optimized with the Yoast SEO plugin v27.4 - https:\/\/yoast.com\/product\/yoast-seo-wordpress\/ -->\n<title>The Team - Somos Colores<\/title>\n<meta name=\"robots\" content=\"index, follow, max-snippet:-1, max-image-preview:large, max-video-preview:-1\" \/>\n<link rel=\"canonical\" href=\"https:\/\/www.somoscolores.com\/en\/team-15\/\" \/>\n<meta property=\"og:locale\" content=\"en_US\" \/>\n<meta property=\"og:type\" content=\"article\" \/>\n<meta property=\"og:title\" content=\"The Team - Somos Colores\" \/>\n<meta property=\"og:description\" content=\"Macarena Teacher La infancia siempre me ha parecido un universo m\u00e1gico, lleno de emociones y aprendizajes que nos acompa\u00f1an para toda la vida. Estudi\u00e9 el grado de Psicolog\u00eda porque quer\u00eda [&hellip;]\" \/>\n<meta property=\"og:url\" content=\"https:\/\/www.somoscolores.com\/en\/team-15\/\" \/>\n<meta property=\"og:site_name\" content=\"Somos Colores\" \/>\n<meta property=\"article:modified_time\" content=\"2025-09-25T11:46:37+00:00\" \/>\n<meta property=\"og:image\" content=\"https:\/\/www.somoscolores.com\/wp-content\/uploads\/2025\/09\/macarena-g.jpg\" \/>\n\t<meta property=\"og:image:width\" content=\"327\" \/>\n\t<meta property=\"og:image:height\" content=\"473\" \/>\n\t<meta property=\"og:image:type\" content=\"image\/jpeg\" \/>\n<meta name=\"twitter:card\" content=\"summary_large_image\" \/>\n<meta name=\"twitter:label1\" content=\"Est. reading time\" \/>\n\t<meta name=\"twitter:data1\" content=\"3 minutes\" \/>\n<script type=\"application\/ld+json\" class=\"yoast-schema-graph\">{\"@context\":\"https:\\\/\\\/schema.org\",\"@graph\":[{\"@type\":\"WebPage\",\"@id\":\"https:\\\/\\\/www.somoscolores.com\\\/en\\\/team-15\\\/\",\"url\":\"https:\\\/\\\/www.somoscolores.com\\\/en\\\/team-15\\\/\",\"name\":\"The Team - Somos Colores\",\"isPartOf\":{\"@id\":\"https:\\\/\\\/www.somoscolores.com\\\/en\\\/#website\"},\"primaryImageOfPage\":{\"@id\":\"https:\\\/\\\/www.somoscolores.com\\\/en\\\/team-15\\\/#primaryimage\"},\"image\":{\"@id\":\"https:\\\/\\\/www.somoscolores.com\\\/en\\\/team-15\\\/#primaryimage\"},\"thumbnailUrl\":\"https:\\\/\\\/www.somoscolores.com\\\/wp-content\\\/uploads\\\/2025\\\/09\\\/macarena-g.jpg\",\"datePublished\":\"2025-09-25T11:08:37+00:00\",\"dateModified\":\"2025-09-25T11:46:37+00:00\",\"breadcrumb\":{\"@id\":\"https:\\\/\\\/www.somoscolores.com\\\/en\\\/team-15\\\/#breadcrumb\"},\"inLanguage\":\"en-US\",\"potentialAction\":[{\"@type\":\"ReadAction\",\"target\":[\"https:\\\/\\\/www.somoscolores.com\\\/en\\\/team-15\\\/\"]}]},{\"@type\":\"ImageObject\",\"inLanguage\":\"en-US\",\"@id\":\"https:\\\/\\\/www.somoscolores.com\\\/en\\\/team-15\\\/#primaryimage\",\"url\":\"https:\\\/\\\/www.somoscolores.com\\\/wp-content\\\/uploads\\\/2025\\\/09\\\/macarena-g.jpg\",\"contentUrl\":\"https:\\\/\\\/www.somoscolores.com\\\/wp-content\\\/uploads\\\/2025\\\/09\\\/macarena-g.jpg\"},{\"@type\":\"BreadcrumbList\",\"@id\":\"https:\\\/\\\/www.somoscolores.com\\\/en\\\/team-15\\\/#breadcrumb\",\"itemListElement\":[{\"@type\":\"ListItem\",\"position\":1,\"name\":\"Portada\",\"item\":\"https:\\\/\\\/www.somoscolores.com\\\/en\\\/\"},{\"@type\":\"ListItem\",\"position\":2,\"name\":\"The Team\"}]},{\"@type\":\"WebSite\",\"@id\":\"https:\\\/\\\/www.somoscolores.com\\\/en\\\/#website\",\"url\":\"https:\\\/\\\/www.somoscolores.com\\\/en\\\/\",\"name\":\"Somos Colores\",\"description\":\"Tu Escuela Infantil en Playa San Juan de Alicante\",\"publisher\":{\"@id\":\"https:\\\/\\\/www.somoscolores.com\\\/en\\\/#organization\"},\"potentialAction\":[{\"@type\":\"SearchAction\",\"target\":{\"@type\":\"EntryPoint\",\"urlTemplate\":\"https:\\\/\\\/www.somoscolores.com\\\/en\\\/?s={search_term_string}\"},\"query-input\":{\"@type\":\"PropertyValueSpecification\",\"valueRequired\":true,\"valueName\":\"search_term_string\"}}],\"inLanguage\":\"en-US\"},{\"@type\":\"Organization\",\"@id\":\"https:\\\/\\\/www.somoscolores.com\\\/en\\\/#organization\",\"name\":\"Somos Colores\",\"url\":\"https:\\\/\\\/www.somoscolores.com\\\/en\\\/\",\"logo\":{\"@type\":\"ImageObject\",\"inLanguage\":\"en-US\",\"@id\":\"https:\\\/\\\/www.somoscolores.com\\\/en\\\/#\\\/schema\\\/logo\\\/image\\\/\",\"url\":\"https:\\\/\\\/www.somoscolores.com\\\/wp-content\\\/uploads\\\/2021\\\/05\\\/logo_somoscolores-4.jpg\",\"contentUrl\":\"https:\\\/\\\/www.somoscolores.com\\\/wp-content\\\/uploads\\\/2021\\\/05\\\/logo_somoscolores-4.jpg\",\"width\":180,\"height\":111,\"caption\":\"Somos Colores\"},\"image\":{\"@id\":\"https:\\\/\\\/www.somoscolores.com\\\/en\\\/#\\\/schema\\\/logo\\\/image\\\/\"}}]}<\/script>\n<!-- \/ Yoast SEO plugin. -->","yoast_head_json":{"title":"The Team - Somos Colores","robots":{"index":"index","follow":"follow","max-snippet":"max-snippet:-1","max-image-preview":"max-image-preview:large","max-video-preview":"max-video-preview:-1"},"canonical":"https:\/\/www.somoscolores.com\/en\/team-15\/","og_locale":"en_US","og_type":"article","og_title":"The Team - Somos Colores","og_description":"Macarena Teacher La infancia siempre me ha parecido un universo m\u00e1gico, lleno de emociones y aprendizajes que nos acompa\u00f1an para toda la vida. Estudi\u00e9 el grado de Psicolog\u00eda porque quer\u00eda [&hellip;]","og_url":"https:\/\/www.somoscolores.com\/en\/team-15\/","og_site_name":"Somos Colores","article_modified_time":"2025-09-25T11:46:37+00:00","og_image":[{"width":327,"height":473,"url":"https:\/\/www.somoscolores.com\/wp-content\/uploads\/2025\/09\/macarena-g.jpg","type":"image\/jpeg"}],"twitter_card":"summary_large_image","twitter_misc":{"Est. reading time":"3 minutes"},"schema":{"@context":"https:\/\/schema.org","@graph":[{"@type":"WebPage","@id":"https:\/\/www.somoscolores.com\/en\/team-15\/","url":"https:\/\/www.somoscolores.com\/en\/team-15\/","name":"The Team - Somos Colores","isPartOf":{"@id":"https:\/\/www.somoscolores.com\/en\/#website"},"primaryImageOfPage":{"@id":"https:\/\/www.somoscolores.com\/en\/team-15\/#primaryimage"},"image":{"@id":"https:\/\/www.somoscolores.com\/en\/team-15\/#primaryimage"},"thumbnailUrl":"https:\/\/www.somoscolores.com\/wp-content\/uploads\/2025\/09\/macarena-g.jpg","datePublished":"2025-09-25T11:08:37+00:00","dateModified":"2025-09-25T11:46:37+00:00","breadcrumb":{"@id":"https:\/\/www.somoscolores.com\/en\/team-15\/#breadcrumb"},"inLanguage":"en-US","potentialAction":[{"@type":"ReadAction","target":["https:\/\/www.somoscolores.com\/en\/team-15\/"]}]},{"@type":"ImageObject","inLanguage":"en-US","@id":"https:\/\/www.somoscolores.com\/en\/team-15\/#primaryimage","url":"https:\/\/www.somoscolores.com\/wp-content\/uploads\/2025\/09\/macarena-g.jpg","contentUrl":"https:\/\/www.somoscolores.com\/wp-content\/uploads\/2025\/09\/macarena-g.jpg"},{"@type":"BreadcrumbList","@id":"https:\/\/www.somoscolores.com\/en\/team-15\/#breadcrumb","itemListElement":[{"@type":"ListItem","position":1,"name":"Portada","item":"https:\/\/www.somoscolores.com\/en\/"},{"@type":"ListItem","position":2,"name":"The Team"}]},{"@type":"WebSite","@id":"https:\/\/www.somoscolores.com\/en\/#website","url":"https:\/\/www.somoscolores.com\/en\/","name":"Somos Colores","description":"Tu Escuela Infantil en Playa San Juan de Alicante","publisher":{"@id":"https:\/\/www.somoscolores.com\/en\/#organization"},"potentialAction":[{"@type":"SearchAction","target":{"@type":"EntryPoint","urlTemplate":"https:\/\/www.somoscolores.com\/en\/?s={search_term_string}"},"query-input":{"@type":"PropertyValueSpecification","valueRequired":true,"valueName":"search_term_string"}}],"inLanguage":"en-US"},{"@type":"Organization","@id":"https:\/\/www.somoscolores.com\/en\/#organization","name":"Somos Colores","url":"https:\/\/www.somoscolores.com\/en\/","logo":{"@type":"ImageObject","inLanguage":"en-US","@id":"https:\/\/www.somoscolores.com\/en\/#\/schema\/logo\/image\/","url":"https:\/\/www.somoscolores.com\/wp-content\/uploads\/2021\/05\/logo_somoscolores-4.jpg","contentUrl":"https:\/\/www.somoscolores.com\/wp-content\/uploads\/2021\/05\/logo_somoscolores-4.jpg","width":180,"height":111,"caption":"Somos Colores"},"image":{"@id":"https:\/\/www.somoscolores.com\/en\/#\/schema\/logo\/image\/"}}]}},"_links":{"self":[{"href":"https:\/\/www.somoscolores.com\/en\/wp-json\/wp\/v2\/pages\/4862","targetHints":{"allow":["GET"]}}],"collection":[{"href":"https:\/\/www.somoscolores.com\/en\/wp-json\/wp\/v2\/pages"}],"about":[{"href":"https:\/\/www.somoscolores.com\/en\/wp-json\/wp\/v2\/types\/page"}],"author":[{"embeddable":true,"href":"https:\/\/www.somoscolores.com\/en\/wp-json\/wp\/v2\/users\/1"}],"replies":[{"embeddable":true,"href":"https:\/\/www.somoscolores.com\/en\/wp-json\/wp\/v2\/comments?post=4862"}],"version-history":[{"count":4,"href":"https:\/\/www.somoscolores.com\/en\/wp-json\/wp\/v2\/pages\/4862\/revisions"}],"predecessor-version":[{"id":4866,"href":"https:\/\/www.somoscolores.com\/en\/wp-json\/wp\/v2\/pages\/4862\/revisions\/4866"}],"wp:attachment":[{"href":"https:\/\/www.somoscolores.com\/en\/wp-json\/wp\/v2\/media?parent=4862"}],"curies":[{"name":"wp","href":"https:\/\/api.w.org\/{rel}","templated":true}]}}